{"id":1103,"date":"2019-05-28T17:51:26","date_gmt":"2019-05-28T15:51:26","guid":{"rendered":"http:\/\/mauvaisgenre.org\/?page_id=1103"},"modified":"2019-06-01T16:13:17","modified_gmt":"2019-06-01T14:13:17","slug":"moutarde-maximum","status":"publish","type":"page","link":"https:\/\/mauvaisgenre.org\/index.php\/nos-podcasts\/moutarde-maximum\/","title":{"rendered":"Moutarde Maximum"},"content":{"rendered":"<p><img loading=\"lazy\" decoding=\"async\" width=\"1280\" height=\"150\" src=\"https:\/\/mauvaisgenre.org\/wp-content\/uploads\/2019\/05\/mmban.jpg\" alt=\"\" srcset=\"https:\/\/mauvaisgenre.org\/wp-content\/uploads\/2019\/05\/mmban.jpg 1280w, https:\/\/mauvaisgenre.org\/wp-content\/uploads\/2019\/05\/mmban-300x35.jpg 300w, https:\/\/mauvaisgenre.org\/wp-content\/uploads\/2019\/05\/mmban-768x90.jpg 768w, https:\/\/mauvaisgenre.org\/wp-content\/uploads\/2019\/05\/mmban-1024x120.jpg 1024w\" sizes=\"(max-width: 1280px) 100vw, 1280px\" \/><br \/>\n\t\t\t\t\t\t\t\t\t\t<img loading=\"lazy\" decoding=\"async\" width=\"300\" height=\"300\" src=\"https:\/\/mauvaisgenre.org\/wp-content\/uploads\/2019\/05\/mm-300x300.jpg\" alt=\"\" srcset=\"https:\/\/mauvaisgenre.org\/wp-content\/uploads\/2019\/05\/mm-300x300.jpg 300w, https:\/\/mauvaisgenre.org\/wp-content\/uploads\/2019\/05\/mm-150x150.jpg 150w, https:\/\/mauvaisgenre.org\/wp-content\/uploads\/2019\/05\/mm-768x768.jpg 768w, https:\/\/mauvaisgenre.org\/wp-content\/uploads\/2019\/05\/mm-1024x1024.jpg 1024w\" sizes=\"(max-width: 300px) 100vw, 300px\" \/>\t\t\t\t\t\t\t\t\t\t\t<\/p>\n<p>Qu&rsquo;elles soient associatives, loisirs d\u00e9vorants ou simples parcours atypiques, Moutarde Maximum aborde les (petites et grandes) aventures du quotidien. Chaque \u00e9mission, l&rsquo;\u00e9quipe re\u00e7oit un ou plusieurs invit\u00e9s pour aborder avec lui son parcours, ses aspirations et ses envies, dans la bonne humeur.\u00a0<br \/>Et vous nous direz pourquoi ce titre de podcast alors ? Parce qu&rsquo;on est d&rsquo;origine dijonnaise et que \u00e7a permettait de cr\u00e9er des jingles inattendus.<\/p>\n<p>\t\t\t<a href=\"https:\/\/open.spotify.com\/show\/14lygJYMEefNJmJvslTSNR?si=x6ui7XOGTHa_saSjPJejXw\" role=\"button\"><br \/>\n\t\t\t\t\t\tSpotify<br \/>\n\t\t\t\t\t<\/a><br \/>\n\t\t\t<a href=\"https:\/\/podcasts.apple.com\/fr\/podcast\/moutarde-maximum\/id1465931422\" role=\"button\"><br \/>\n\t\t\t\t\t\tApple Podcast<br \/>\n\t\t\t\t\t<\/a><br \/>\n\t\t\t<a href=\"http:\/\/subscribeonandroid.com\/mauvaisgenre.org\/index.php\/category\/moutarde-maximum\/feed\/\" role=\"button\"><br \/>\n\t\t\t\t\t\tAndroid<br \/>\n\t\t\t\t\t<\/a><br \/>\n\t\t\t<a href=\"https:\/\/mauvaisgenre.org\/index.php\/moutarde-maximum-lien-direct\/\" role=\"button\"><br \/>\n\t\t\t\t\t\tLien Direct<br \/>\n\t\t\t\t\t<\/a><\/p>\n","protected":false},"excerpt":{"rendered":"<p>Qu&rsquo;elles soient associatives, loisirs d\u00e9vorants ou simples parcours atypiques, Moutarde Maximum aborde les (petites et grandes) aventures du quotidien. Chaque \u00e9mission, l&rsquo;\u00e9quipe re\u00e7oit un ou plusieurs invit\u00e9s pour aborder avec lui son parcours, ses aspirations et ses envies, dans la bonne humeur.\u00a0Et vous nous direz pourquoi ce titre de podcast alors ? Parce qu&rsquo;on est&hellip;&nbsp;<a href=\"https:\/\/mauvaisgenre.org\/index.php\/nos-podcasts\/moutarde-maximum\/\" rel=\"bookmark\">Lire la suite &raquo;<span class=\"screen-reader-text\">Moutarde Maximum<\/span><\/a><\/p>\n","protected":false},"author":1,"featured_media":0,"parent":820,"menu_order":0,"comment_status":"closed","ping_status":"closed","template":"elementor_header_footer","meta":{"neve_meta_sidebar":"","neve_meta_container":"","neve_meta_enable_content_width":"","neve_meta_content_width":70,"neve_meta_title_alignment":"","neve_meta_author_avatar":"","neve_post_elements_order":"","neve_meta_disable_header":"","neve_meta_disable_footer":"","neve_meta_disable_title":"on","_themeisle_gutenberg_block_has_review":false,"footnotes":""},"class_list":["post-1103","page","type-page","status-publish","hentry"],"_links":{"self":[{"href":"https:\/\/mauvaisgenre.org\/index.php\/wp-json\/wp\/v2\/pages\/1103"}],"collection":[{"href":"https:\/\/mauvaisgenre.org\/index.php\/wp-json\/wp\/v2\/pages"}],"about":[{"href":"https:\/\/mauvaisgenre.org\/index.php\/wp-json\/wp\/v2\/types\/page"}],"author":[{"embeddable":true,"href":"https:\/\/mauvaisgenre.org\/index.php\/wp-json\/wp\/v2\/users\/1"}],"replies":[{"embeddable":true,"href":"https:\/\/mauvaisgenre.org\/index.php\/wp-json\/wp\/v2\/comments?post=1103"}],"version-history":[{"count":14,"href":"https:\/\/mauvaisgenre.org\/index.php\/wp-json\/wp\/v2\/pages\/1103\/revisions"}],"predecessor-version":[{"id":1690,"href":"https:\/\/mauvaisgenre.org\/index.php\/wp-json\/wp\/v2\/pages\/1103\/revisions\/1690"}],"up":[{"embeddable":true,"href":"https:\/\/mauvaisgenre.org\/index.php\/wp-json\/wp\/v2\/pages\/820"}],"wp:attachment":[{"href":"https:\/\/mauvaisgenre.org\/index.php\/wp-json\/wp\/v2\/media?parent=1103"}],"curies":[{"name":"wp","href":"https:\/\/api.w.org\/{rel}","templated":true}]}}