{"id":1148,"date":"2019-05-29T16:21:51","date_gmt":"2019-05-29T14:21:51","guid":{"rendered":"http:\/\/mauvaisgenre.org\/?page_id=1148"},"modified":"2020-09-15T09:59:22","modified_gmt":"2020-09-15T07:59:22","slug":"parents-indignes-les-episodes-en-lien-direct","status":"publish","type":"page","link":"https:\/\/mauvaisgenre.org\/index.php\/parents-indignes-les-episodes-en-lien-direct\/","title":{"rendered":"Parents Indignes &#8211; Les \u00e9pisodes en lien direct"},"content":{"rendered":"\n<div class=\"wp-block-themeisle-blocks-advanced-columns alignfull has-1-columns has-desktop-equal-layout has-tablet-equal-layout has-mobile-equal-layout has-nogap-gap has-vertical-unset\" id=\"wp-block-themeisle-blocks-advanced-columns-c0b632e0\"><div class=\"wp-block-themeisle-blocks-advanced-columns-overlay\"><\/div><div class=\"innerblocks-wrap\">\n<div class=\"wp-block-themeisle-blocks-advanced-column\" id=\"wp-block-themeisle-blocks-advanced-column-d0cee431\">\n<div id=\"wp-block-themeisle-blocks-advanced-heading-bc73645c\" class=\"wp-block-themeisle-blocks-advanced-heading wp-block-themeisle-blocks-advanced-heading-bc73645c\"><img fetchpriority=\"high\" decoding=\"async\" width=\"1280\" height=\"150\" class=\"wp-image-830\" style=\"width: 1280px;\" src=\"https:\/\/mauvaisgenre.org\/wp-content\/uploads\/2019\/03\/PI-Ban.jpg\" alt=\"\" srcset=\"https:\/\/mauvaisgenre.org\/wp-content\/uploads\/2019\/03\/PI-Ban.jpg 1280w, https:\/\/mauvaisgenre.org\/wp-content\/uploads\/2019\/03\/PI-Ban-300x35.jpg 300w, https:\/\/mauvaisgenre.org\/wp-content\/uploads\/2019\/03\/PI-Ban-768x90.jpg 768w, https:\/\/mauvaisgenre.org\/wp-content\/uploads\/2019\/03\/PI-Ban-1024x120.jpg 1024w\" sizes=\"(max-width: 1280px) 100vw, 1280px\" \/><\/div>\n\n\n\n<h2 id=\"wp-block-themeisle-blocks-advanced-heading-8655953a\" class=\"wp-block-themeisle-blocks-advanced-heading wp-block-themeisle-blocks-advanced-heading-8655953a\">Parents Indignes &#8211; Les \u00e9pisodes en lien direct<\/h2>\n\n\n\n<div id=\"wp-block-themeisle-blocks-advanced-heading-4b63360c\" class=\"wp-block-themeisle-blocks-advanced-heading wp-block-themeisle-blocks-advanced-heading-4b63360c\"><\/div>\n\n\n\n<div class=\"wp-block-themeisle-blocks-advanced-columns has-1-columns has-desktop-equal-layout has-tablet-equal-layout has-mobile-equal-layout has-nogap-gap has-vertical-unset\" id=\"wp-block-themeisle-blocks-advanced-columns-a2736989\"><div class=\"wp-block-themeisle-blocks-advanced-columns-overlay\"><\/div><div class=\"innerblocks-wrap\">\n<div class=\"wp-block-themeisle-blocks-advanced-column\" id=\"wp-block-themeisle-blocks-advanced-column-8fa59364\"><div class=\"ticss-e4f441cd wp-block-themeisle-blocks-posts-grid\" id=\"\"><div class=\"is-grid o-posts-grid-columns-4\"><div class=\"o-posts-grid-post-blog o-posts-grid-post-plain\"><div class=\"o-posts-grid-post\"><div class=\"o-posts-grid-post-image\"><a href=\"https:\/\/mauvaisgenre.org\/index.php\/2019\/11\/24\/13-les-bonnes-manieres-et-les-mamans-qui-passent-sur-virgin\/\"><img decoding=\"async\" width=\"2560\" height=\"2560\" src=\"https:\/\/mauvaisgenre.org\/wp-content\/uploads\/2019\/11\/PIs03e13-scaled.jpg\" class=\"attachment-full size-full\" alt=\"#13 &#8211; Les Bonnes Mani\u00e8res (et les mamans qui passent sur Virgin)\" srcset=\"https:\/\/mauvaisgenre.org\/wp-content\/uploads\/2019\/11\/PIs03e13-scaled.jpg 2560w, https:\/\/mauvaisgenre.org\/wp-content\/uploads\/2019\/11\/PIs03e13-300x300.jpg 300w, https:\/\/mauvaisgenre.org\/wp-content\/uploads\/2019\/11\/PIs03e13-1024x1024.jpg 1024w, https:\/\/mauvaisgenre.org\/wp-content\/uploads\/2019\/11\/PIs03e13-150x150.jpg 150w, https:\/\/mauvaisgenre.org\/wp-content\/uploads\/2019\/11\/PIs03e13-768x768.jpg 768w, https:\/\/mauvaisgenre.org\/wp-content\/uploads\/2019\/11\/PIs03e13-1536x1536.jpg 1536w, https:\/\/mauvaisgenre.org\/wp-content\/uploads\/2019\/11\/PIs03e13-2048x2048.jpg 2048w\" sizes=\"(max-width: 2560px) 100vw, 2560px\" \/><\/a><\/div><div class=\"o-posts-grid-post-body\"><h4 class=\"o-posts-grid-post-title\"><a href=\"https:\/\/mauvaisgenre.org\/index.php\/2019\/11\/24\/13-les-bonnes-manieres-et-les-mamans-qui-passent-sur-virgin\/\">#13 &#8211; Les Bonnes Mani\u00e8res (et les mamans qui passent sur Virgin)<\/a><\/h4><p class=\"o-posts-grid-post-meta\">Posted on <time datetime=\"2019-11-24T17:17:34+01:00\">24 novembre 2019<\/time> by <a href=\"https:\/\/mauvaisgenre.org\/index.php\/author\/admin1000\/\">mauvaisgenre<\/a><\/p><div class=\"o-posts-grid-post-description\"><p>Ce mois-ci, avec G\u00e9raldine et Antoine, on parle des bonnes mani\u00e8res, des mots qui nous \u00e9chappent qua\u2026<\/p><\/div><\/div><\/div><\/div><div class=\"o-posts-grid-post-blog o-posts-grid-post-plain\"><div class=\"o-posts-grid-post\"><div class=\"o-posts-grid-post-image\"><a href=\"https:\/\/mauvaisgenre.org\/index.php\/2019\/10\/22\/parents-indignes-12-lecole-et-les-aprem-billard\/\"><img decoding=\"async\" width=\"4000\" height=\"4000\" src=\"https:\/\/mauvaisgenre.org\/wp-content\/uploads\/2019\/10\/PIs03e12.jpg\" class=\"attachment-full size-full\" alt=\"Parents Indignes #12 &#8211; L&rsquo;\u00e9cole (et les aprem&rsquo; billard)\" srcset=\"https:\/\/mauvaisgenre.org\/wp-content\/uploads\/2019\/10\/PIs03e12.jpg 4000w, https:\/\/mauvaisgenre.org\/wp-content\/uploads\/2019\/10\/PIs03e12-150x150.jpg 150w, https:\/\/mauvaisgenre.org\/wp-content\/uploads\/2019\/10\/PIs03e12-300x300.jpg 300w, https:\/\/mauvaisgenre.org\/wp-content\/uploads\/2019\/10\/PIs03e12-768x768.jpg 768w, https:\/\/mauvaisgenre.org\/wp-content\/uploads\/2019\/10\/PIs03e12-1024x1024.jpg 1024w\" sizes=\"(max-width: 4000px) 100vw, 4000px\" \/><\/a><\/div><div class=\"o-posts-grid-post-body\"><h4 class=\"o-posts-grid-post-title\"><a href=\"https:\/\/mauvaisgenre.org\/index.php\/2019\/10\/22\/parents-indignes-12-lecole-et-les-aprem-billard\/\">Parents Indignes #12 &#8211; L&rsquo;\u00e9cole (et les aprem&rsquo; billard)<\/a><\/h4><p class=\"o-posts-grid-post-meta\">Posted on <time datetime=\"2019-10-22T17:30:28+02:00\">22 octobre 2019<\/time> by <a href=\"https:\/\/mauvaisgenre.org\/index.php\/author\/admin1000\/\">mauvaisgenre<\/a><\/p><div class=\"o-posts-grid-post-description\"><p>Ce mois-ci, l&rsquo;\u00e9quipe de Parents Indignes revient sur l&rsquo;\u00e9cole, les exp\u00e9riences scolaires \u2026<\/p><\/div><\/div><\/div><\/div><div class=\"o-posts-grid-post-blog o-posts-grid-post-plain\"><div class=\"o-posts-grid-post\"><div class=\"o-posts-grid-post-image\"><a href=\"https:\/\/mauvaisgenre.org\/index.php\/2019\/09\/13\/parents-indignes-11-sortir-avec-un-enfant-et-des-pokemons\/\"><img loading=\"lazy\" decoding=\"async\" width=\"3000\" height=\"3000\" src=\"https:\/\/mauvaisgenre.org\/wp-content\/uploads\/2019\/09\/PI-S03E11.jpg\" class=\"attachment-full size-full\" alt=\"image pour le 11eme episode des parents indignes ou on parle pokemon et sortie. On y trouve un tr\u00e8s beau salam\u00e8che\" srcset=\"https:\/\/mauvaisgenre.org\/wp-content\/uploads\/2019\/09\/PI-S03E11.jpg 3000w, https:\/\/mauvaisgenre.org\/wp-content\/uploads\/2019\/09\/PI-S03E11-150x150.jpg 150w, https:\/\/mauvaisgenre.org\/wp-content\/uploads\/2019\/09\/PI-S03E11-300x300.jpg 300w, https:\/\/mauvaisgenre.org\/wp-content\/uploads\/2019\/09\/PI-S03E11-768x768.jpg 768w, https:\/\/mauvaisgenre.org\/wp-content\/uploads\/2019\/09\/PI-S03E11-1024x1024.jpg 1024w\" sizes=\"(max-width: 3000px) 100vw, 3000px\" \/><\/a><\/div><div class=\"o-posts-grid-post-body\"><h4 class=\"o-posts-grid-post-title\"><a href=\"https:\/\/mauvaisgenre.org\/index.php\/2019\/09\/13\/parents-indignes-11-sortir-avec-un-enfant-et-des-pokemons\/\">Parents Indignes #11 &#8211; Sortir avec un enfant (et des pokemons)<\/a><\/h4><p class=\"o-posts-grid-post-meta\">Posted on <time datetime=\"2019-09-13T17:30:12+02:00\">13 septembre 2019<\/time> by <a href=\"https:\/\/mauvaisgenre.org\/index.php\/author\/admin1000\/\">mauvaisgenre<\/a><\/p><div class=\"o-posts-grid-post-description\"><p>Pour cet \u00e9pisode de la rentr\u00e9e, on parle sortie, logistique quand on veut une soir\u00e9e pour soi et r\u00e9f\u2026<\/p><\/div><\/div><\/div><\/div><div class=\"o-posts-grid-post-blog o-posts-grid-post-plain\"><div class=\"o-posts-grid-post\"><div class=\"o-posts-grid-post-image\"><a href=\"https:\/\/mauvaisgenre.org\/index.php\/2019\/05\/17\/parents-indignes-10-quand-on-se-separe-et-quon-laisse-trainer-les-tasses\/\"><img loading=\"lazy\" decoding=\"async\" width=\"3000\" height=\"3000\" src=\"https:\/\/mauvaisgenre.org\/wp-content\/uploads\/2019\/05\/PI10essai.jpg\" class=\"attachment-full size-full\" alt=\"Parents Indignes #10 &#8211; Quand on se s\u00e9pare (et qu&rsquo;on laisse trainer les tasses&#8230;)\" srcset=\"https:\/\/mauvaisgenre.org\/wp-content\/uploads\/2019\/05\/PI10essai.jpg 3000w, https:\/\/mauvaisgenre.org\/wp-content\/uploads\/2019\/05\/PI10essai-150x150.jpg 150w, https:\/\/mauvaisgenre.org\/wp-content\/uploads\/2019\/05\/PI10essai-300x300.jpg 300w, https:\/\/mauvaisgenre.org\/wp-content\/uploads\/2019\/05\/PI10essai-768x768.jpg 768w, https:\/\/mauvaisgenre.org\/wp-content\/uploads\/2019\/05\/PI10essai-1024x1024.jpg 1024w\" sizes=\"(max-width: 3000px) 100vw, 3000px\" \/><\/a><\/div><div class=\"o-posts-grid-post-body\"><h4 class=\"o-posts-grid-post-title\"><a href=\"https:\/\/mauvaisgenre.org\/index.php\/2019\/05\/17\/parents-indignes-10-quand-on-se-separe-et-quon-laisse-trainer-les-tasses\/\">Parents Indignes #10 &#8211; Quand on se s\u00e9pare (et qu&rsquo;on laisse trainer les tasses&#8230;)<\/a><\/h4><p class=\"o-posts-grid-post-meta\">Posted on <time datetime=\"2019-05-17T15:27:16+02:00\">17 mai 2019<\/time> by <a href=\"https:\/\/mauvaisgenre.org\/index.php\/author\/admin1000\/\">mauvaisgenre<\/a><\/p><div class=\"o-posts-grid-post-description\"><p>Ce mois-ci, l&rsquo;\u00e9quipe des Parents indignes se lance dans un r\u00e9tro-\u00e9pisode. Un an apr\u00e8s l&rsquo;\u2026<\/p><\/div><\/div><\/div><\/div><div class=\"o-posts-grid-post-blog o-posts-grid-post-plain\"><div class=\"o-posts-grid-post\"><div class=\"o-posts-grid-post-image\"><a href=\"https:\/\/mauvaisgenre.org\/index.php\/2019\/04\/02\/parents-indignes-09-les-jouets-et-les-camions-poubelles\/\"><img loading=\"lazy\" decoding=\"async\" width=\"3000\" height=\"3000\" src=\"https:\/\/mauvaisgenre.org\/wp-content\/uploads\/2019\/04\/PIs02e09.jpg\" class=\"attachment-full size-full\" alt=\"Parents Indignes #09 &#8211; Les Jouets (et les camions poubelles)\" srcset=\"https:\/\/mauvaisgenre.org\/wp-content\/uploads\/2019\/04\/PIs02e09.jpg 3000w, https:\/\/mauvaisgenre.org\/wp-content\/uploads\/2019\/04\/PIs02e09-150x150.jpg 150w, https:\/\/mauvaisgenre.org\/wp-content\/uploads\/2019\/04\/PIs02e09-300x300.jpg 300w, https:\/\/mauvaisgenre.org\/wp-content\/uploads\/2019\/04\/PIs02e09-768x768.jpg 768w, https:\/\/mauvaisgenre.org\/wp-content\/uploads\/2019\/04\/PIs02e09-1024x1024.jpg 1024w\" sizes=\"(max-width: 3000px) 100vw, 3000px\" \/><\/a><\/div><div class=\"o-posts-grid-post-body\"><h4 class=\"o-posts-grid-post-title\"><a href=\"https:\/\/mauvaisgenre.org\/index.php\/2019\/04\/02\/parents-indignes-09-les-jouets-et-les-camions-poubelles\/\">Parents Indignes #09 &#8211; Les Jouets (et les camions poubelles)<\/a><\/h4><p class=\"o-posts-grid-post-meta\">Posted on <time datetime=\"2019-04-02T13:32:34+02:00\">2 avril 2019<\/time> by <a href=\"https:\/\/mauvaisgenre.org\/index.php\/author\/admin1000\/\">mauvaisgenre<\/a><\/p><div class=\"o-posts-grid-post-description\"><p>Pour ce neuvi\u00e8me \u00e9pisode des Parents Indignes, l&rsquo;\u00e9quipe \u00e9voquent les jouets de leurs enfants. \u2026<\/p><\/div><\/div><\/div><\/div><div class=\"o-posts-grid-post-blog o-posts-grid-post-plain\"><div class=\"o-posts-grid-post\"><div class=\"o-posts-grid-post-image\"><a href=\"https:\/\/mauvaisgenre.org\/index.php\/2019\/01\/08\/parents-indignes-08-manger-et-jeter-des-petits-pots\/\"><img loading=\"lazy\" decoding=\"async\" width=\"2000\" height=\"2000\" src=\"https:\/\/mauvaisgenre.org\/wp-content\/uploads\/2019\/03\/PIs02e08-1-mp3-image.jpg\" class=\"attachment-full size-full\" alt=\"parentsindignes8\" srcset=\"https:\/\/mauvaisgenre.org\/wp-content\/uploads\/2019\/03\/PIs02e08-1-mp3-image.jpg 2000w, https:\/\/mauvaisgenre.org\/wp-content\/uploads\/2019\/03\/PIs02e08-1-mp3-image-150x150.jpg 150w, https:\/\/mauvaisgenre.org\/wp-content\/uploads\/2019\/03\/PIs02e08-1-mp3-image-300x300.jpg 300w, https:\/\/mauvaisgenre.org\/wp-content\/uploads\/2019\/03\/PIs02e08-1-mp3-image-768x768.jpg 768w, https:\/\/mauvaisgenre.org\/wp-content\/uploads\/2019\/03\/PIs02e08-1-mp3-image-1024x1024.jpg 1024w\" sizes=\"(max-width: 2000px) 100vw, 2000px\" \/><\/a><\/div><div class=\"o-posts-grid-post-body\"><h4 class=\"o-posts-grid-post-title\"><a href=\"https:\/\/mauvaisgenre.org\/index.php\/2019\/01\/08\/parents-indignes-08-manger-et-jeter-des-petits-pots\/\">Parents Indignes #08 &#8211; Manger (et jeter des petits pots)<\/a><\/h4><p class=\"o-posts-grid-post-meta\">Posted on <time datetime=\"2019-01-08T11:42:07+01:00\">8 janvier 2019<\/time> by <a href=\"https:\/\/mauvaisgenre.org\/index.php\/author\/admin1000\/\">mauvaisgenre<\/a><\/p><div class=\"o-posts-grid-post-description\"><p>Apr\u00e8s deux mois d&rsquo;absence, G\u00e9raldine, Laurene et Guillaume sont de retour pour parler de la bo\u2026<\/p><\/div><\/div><\/div><\/div><div class=\"o-posts-grid-post-blog o-posts-grid-post-plain\"><div class=\"o-posts-grid-post\"><div class=\"o-posts-grid-post-image\"><a href=\"https:\/\/mauvaisgenre.org\/index.php\/2018\/10\/03\/parents-indignes-07-les-grands-parents-et-le-mille-bornes\/\"><img loading=\"lazy\" decoding=\"async\" width=\"2000\" height=\"2000\" src=\"https:\/\/mauvaisgenre.org\/wp-content\/uploads\/2019\/03\/PI-s02e07-mp3-image.jpg\" class=\"attachment-full size-full\" alt=\"parentsindignes7\" srcset=\"https:\/\/mauvaisgenre.org\/wp-content\/uploads\/2019\/03\/PI-s02e07-mp3-image.jpg 2000w, https:\/\/mauvaisgenre.org\/wp-content\/uploads\/2019\/03\/PI-s02e07-mp3-image-150x150.jpg 150w, https:\/\/mauvaisgenre.org\/wp-content\/uploads\/2019\/03\/PI-s02e07-mp3-image-300x300.jpg 300w, https:\/\/mauvaisgenre.org\/wp-content\/uploads\/2019\/03\/PI-s02e07-mp3-image-768x768.jpg 768w, https:\/\/mauvaisgenre.org\/wp-content\/uploads\/2019\/03\/PI-s02e07-mp3-image-1024x1024.jpg 1024w\" sizes=\"(max-width: 2000px) 100vw, 2000px\" \/><\/a><\/div><div class=\"o-posts-grid-post-body\"><h4 class=\"o-posts-grid-post-title\"><a href=\"https:\/\/mauvaisgenre.org\/index.php\/2018\/10\/03\/parents-indignes-07-les-grands-parents-et-le-mille-bornes\/\">Parents Indignes #07 &#8211; Les Grands Parents (et le Mille Bornes)<\/a><\/h4><p class=\"o-posts-grid-post-meta\">Posted on <time datetime=\"2018-10-03T17:52:14+02:00\">3 octobre 2018<\/time> by <a href=\"https:\/\/mauvaisgenre.org\/index.php\/author\/admin1000\/\">mauvaisgenre<\/a><\/p><div class=\"o-posts-grid-post-description\"><p>Retour des Parents Indignes pour une saison 2 ! Ce mois-ci, on \u00e9voque les grands parents, les n\u00f4tres\u2026<\/p><\/div><\/div><\/div><\/div><div class=\"o-posts-grid-post-blog o-posts-grid-post-plain\"><div class=\"o-posts-grid-post\"><div class=\"o-posts-grid-post-image\"><a href=\"https:\/\/mauvaisgenre.org\/index.php\/2018\/06\/02\/parents-indignes-06-les-vacances-et-les-pantalons-rouges\/\"><img loading=\"lazy\" decoding=\"async\" width=\"3000\" height=\"3000\" src=\"https:\/\/mauvaisgenre.org\/wp-content\/uploads\/2019\/03\/PI-01e06-mp3-image.jpg\" class=\"attachment-full size-full\" alt=\"parentsindignes6\" srcset=\"https:\/\/mauvaisgenre.org\/wp-content\/uploads\/2019\/03\/PI-01e06-mp3-image.jpg 3000w, https:\/\/mauvaisgenre.org\/wp-content\/uploads\/2019\/03\/PI-01e06-mp3-image-150x150.jpg 150w, https:\/\/mauvaisgenre.org\/wp-content\/uploads\/2019\/03\/PI-01e06-mp3-image-300x300.jpg 300w, https:\/\/mauvaisgenre.org\/wp-content\/uploads\/2019\/03\/PI-01e06-mp3-image-768x768.jpg 768w, https:\/\/mauvaisgenre.org\/wp-content\/uploads\/2019\/03\/PI-01e06-mp3-image-1024x1024.jpg 1024w\" sizes=\"(max-width: 3000px) 100vw, 3000px\" \/><\/a><\/div><div class=\"o-posts-grid-post-body\"><h4 class=\"o-posts-grid-post-title\"><a href=\"https:\/\/mauvaisgenre.org\/index.php\/2018\/06\/02\/parents-indignes-06-les-vacances-et-les-pantalons-rouges\/\">Parents Indignes #06 &#8211; Les Vacances (et les pantalons rouges)<\/a><\/h4><p class=\"o-posts-grid-post-meta\">Posted on <time datetime=\"2018-06-02T12:00:26+02:00\">2 juin 2018<\/time> by <a href=\"https:\/\/mauvaisgenre.org\/index.php\/author\/admin1000\/\">mauvaisgenre<\/a><\/p><div class=\"o-posts-grid-post-description\"><p>Ce mois-ci, l&rsquo;\u00e9quipe des parents indignes traitent du sujet des vacances. De la pr\u00e9paration de\u2026<\/p><\/div><\/div><\/div><\/div><div class=\"o-posts-grid-post-blog o-posts-grid-post-plain\"><div class=\"o-posts-grid-post\"><div class=\"o-posts-grid-post-image\"><a href=\"https:\/\/mauvaisgenre.org\/index.php\/2018\/05\/01\/parents-indignes-05-les-bobos\/\"><img loading=\"lazy\" decoding=\"async\" width=\"1980\" height=\"1980\" src=\"https:\/\/mauvaisgenre.org\/wp-content\/uploads\/2019\/03\/PI-S01E05-mp3-image.jpg\" class=\"attachment-full size-full\" alt=\"parentsindignes5\" srcset=\"https:\/\/mauvaisgenre.org\/wp-content\/uploads\/2019\/03\/PI-S01E05-mp3-image.jpg 1980w, https:\/\/mauvaisgenre.org\/wp-content\/uploads\/2019\/03\/PI-S01E05-mp3-image-150x150.jpg 150w, https:\/\/mauvaisgenre.org\/wp-content\/uploads\/2019\/03\/PI-S01E05-mp3-image-300x300.jpg 300w, https:\/\/mauvaisgenre.org\/wp-content\/uploads\/2019\/03\/PI-S01E05-mp3-image-768x768.jpg 768w, https:\/\/mauvaisgenre.org\/wp-content\/uploads\/2019\/03\/PI-S01E05-mp3-image-1024x1024.jpg 1024w\" sizes=\"(max-width: 1980px) 100vw, 1980px\" \/><\/a><\/div><div class=\"o-posts-grid-post-body\"><h4 class=\"o-posts-grid-post-title\"><a href=\"https:\/\/mauvaisgenre.org\/index.php\/2018\/05\/01\/parents-indignes-05-les-bobos\/\">Parents Indignes #05 &#8211; Les bobos (et le reste sur Instagram)<\/a><\/h4><p class=\"o-posts-grid-post-meta\">Posted on <time datetime=\"2018-05-01T12:00:13+02:00\">1 mai 2018<\/time> by <a href=\"https:\/\/mauvaisgenre.org\/index.php\/author\/admin1000\/\">mauvaisgenre<\/a><\/p><div class=\"o-posts-grid-post-description\"><p>Ce mois-ci, les parents indignes avouent comment ils ont cogn\u00e9 maladroitement leur gamin contre les \u2026<\/p><\/div><\/div><\/div><\/div><div class=\"o-posts-grid-post-blog o-posts-grid-post-plain\"><div class=\"o-posts-grid-post\"><div class=\"o-posts-grid-post-image\"><a href=\"https:\/\/mauvaisgenre.org\/index.php\/2018\/04\/01\/parents-indignes-04-etre-en-couple-avec-un-enfant-ou-pas\/\"><img loading=\"lazy\" decoding=\"async\" width=\"2000\" height=\"2000\" src=\"https:\/\/mauvaisgenre.org\/wp-content\/uploads\/2018\/03\/PI-s01e04-mp3-image.jpg\" class=\"attachment-full size-full\" alt=\"Parents Indignes #04 &#8211; Etre en couple avec un enfant (&#8230; ou pas !)\" srcset=\"https:\/\/mauvaisgenre.org\/wp-content\/uploads\/2018\/03\/PI-s01e04-mp3-image.jpg 2000w, https:\/\/mauvaisgenre.org\/wp-content\/uploads\/2018\/03\/PI-s01e04-mp3-image-150x150.jpg 150w, https:\/\/mauvaisgenre.org\/wp-content\/uploads\/2018\/03\/PI-s01e04-mp3-image-300x300.jpg 300w, https:\/\/mauvaisgenre.org\/wp-content\/uploads\/2018\/03\/PI-s01e04-mp3-image-768x768.jpg 768w, https:\/\/mauvaisgenre.org\/wp-content\/uploads\/2018\/03\/PI-s01e04-mp3-image-1024x1024.jpg 1024w\" sizes=\"(max-width: 2000px) 100vw, 2000px\" \/><\/a><\/div><div class=\"o-posts-grid-post-body\"><h4 class=\"o-posts-grid-post-title\"><a href=\"https:\/\/mauvaisgenre.org\/index.php\/2018\/04\/01\/parents-indignes-04-etre-en-couple-avec-un-enfant-ou-pas\/\">Parents Indignes #04 &#8211; Etre en couple avec un enfant (&#8230; ou pas !)<\/a><\/h4><p class=\"o-posts-grid-post-meta\">Posted on <time datetime=\"2018-04-01T11:00:35+02:00\">1 avril 2018<\/time> by <a href=\"https:\/\/mauvaisgenre.org\/index.php\/author\/admin1000\/\">mauvaisgenre<\/a><\/p><div class=\"o-posts-grid-post-description\"><p>Ce mois-ci, nous discutons vie de couple ou de c\u00e9libataire quand on a un enfant. Comment entretenir \u2026<\/p><\/div><\/div><\/div><\/div><div class=\"o-posts-grid-post-blog o-posts-grid-post-plain\"><div class=\"o-posts-grid-post\"><div class=\"o-posts-grid-post-image\"><a href=\"https:\/\/mauvaisgenre.org\/index.php\/2018\/02\/01\/parents-indignes-03-les-premiers-jours-avec-bebe-et-le-plat-de-pates\/\"><img loading=\"lazy\" decoding=\"async\" width=\"3000\" height=\"3000\" src=\"https:\/\/mauvaisgenre.org\/wp-content\/uploads\/2019\/03\/PI-s01e03-mp3-image.jpg\" class=\"attachment-full size-full\" alt=\"parentsindignes3\" srcset=\"https:\/\/mauvaisgenre.org\/wp-content\/uploads\/2019\/03\/PI-s01e03-mp3-image.jpg 3000w, https:\/\/mauvaisgenre.org\/wp-content\/uploads\/2019\/03\/PI-s01e03-mp3-image-150x150.jpg 150w, https:\/\/mauvaisgenre.org\/wp-content\/uploads\/2019\/03\/PI-s01e03-mp3-image-300x300.jpg 300w, https:\/\/mauvaisgenre.org\/wp-content\/uploads\/2019\/03\/PI-s01e03-mp3-image-768x768.jpg 768w, https:\/\/mauvaisgenre.org\/wp-content\/uploads\/2019\/03\/PI-s01e03-mp3-image-1024x1024.jpg 1024w\" sizes=\"(max-width: 3000px) 100vw, 3000px\" \/><\/a><\/div><div class=\"o-posts-grid-post-body\"><h4 class=\"o-posts-grid-post-title\"><a href=\"https:\/\/mauvaisgenre.org\/index.php\/2018\/02\/01\/parents-indignes-03-les-premiers-jours-avec-bebe-et-le-plat-de-pates\/\">Parents Indignes #03 &#8211; Les premiers jours avec b\u00e9b\u00e9 (et le plat de p\u00e2tes)<\/a><\/h4><p class=\"o-posts-grid-post-meta\">Posted on <time datetime=\"2018-02-01T17:55:26+01:00\">1 f\u00e9vrier 2018<\/time> by <a href=\"https:\/\/mauvaisgenre.org\/index.php\/author\/admin1000\/\">mauvaisgenre<\/a><\/p><div class=\"o-posts-grid-post-description\"><p>Dans ce troisi\u00e8me \u00e9pisode, on revient sur les premiers jours avec b\u00e9b\u00e9. De l&rsquo;hopital \u00e0 la rent\u2026<\/p><\/div><\/div><\/div><\/div><div class=\"o-posts-grid-post-blog o-posts-grid-post-plain\"><div class=\"o-posts-grid-post\"><div class=\"o-posts-grid-post-image\"><a href=\"https:\/\/mauvaisgenre.org\/index.php\/2018\/01\/02\/parents-indignes-02-laccouchement-et-les-tulipes\/\"><img decoding=\"async\" src=\"https:\/\/mauvaisgenre.org\/wp-content\/uploads\/2018\/01\/PI-S01E02-mp3-image.jpg\" class=\"attachment-full size-full\" alt=\"Parents Indignes #02 &#8211; L&rsquo;Accouchement (et les tulipes)\" \/><\/a><\/div><div class=\"o-posts-grid-post-body\"><h4 class=\"o-posts-grid-post-title\"><a href=\"https:\/\/mauvaisgenre.org\/index.php\/2018\/01\/02\/parents-indignes-02-laccouchement-et-les-tulipes\/\">Parents Indignes #02 &#8211; L&rsquo;Accouchement (et les tulipes)<\/a><\/h4><p class=\"o-posts-grid-post-meta\">Posted on <time datetime=\"2018-01-02T19:22:44+01:00\">2 janvier 2018<\/time> by <a href=\"https:\/\/mauvaisgenre.org\/index.php\/author\/admin1000\/\">mauvaisgenre<\/a><\/p><div class=\"o-posts-grid-post-description\"><p>Ce mois-ci, l&rsquo;\u00e9quipe revient sur l&rsquo;accomplissement de toute grossesse : l&rsquo;accouche\u2026<\/p><\/div><\/div><\/div><\/div><\/div> <\/div><\/div>\n<\/div><\/div>\n<\/div>\n<\/div><\/div>\n","protected":false},"excerpt":{"rendered":"","protected":false},"author":1,"featured_media":0,"parent":0,"menu_order":0,"comment_status":"closed","ping_status":"closed","template":"page-templates\/template-pagebuilder-full-width.php","meta":{"neve_meta_sidebar":"","neve_meta_container":"","neve_meta_enable_content_width":"off","neve_meta_content_width":0,"neve_meta_title_alignment":"","neve_meta_author_avatar":"","neve_post_elements_order":"","neve_meta_disable_header":"","neve_meta_disable_footer":"","neve_meta_disable_title":"on","_themeisle_gutenberg_block_has_review":false,"footnotes":""},"class_list":["post-1148","page","type-page","status-publish","hentry"],"_links":{"self":[{"href":"https:\/\/mauvaisgenre.org\/index.php\/wp-json\/wp\/v2\/pages\/1148"}],"collection":[{"href":"https:\/\/mauvaisgenre.org\/index.php\/wp-json\/wp\/v2\/pages"}],"about":[{"href":"https:\/\/mauvaisgenre.org\/index.php\/wp-json\/wp\/v2\/types\/page"}],"author":[{"embeddable":true,"href":"https:\/\/mauvaisgenre.org\/index.php\/wp-json\/wp\/v2\/users\/1"}],"replies":[{"embeddable":true,"href":"https:\/\/mauvaisgenre.org\/index.php\/wp-json\/wp\/v2\/comments?post=1148"}],"version-history":[{"count":6,"href":"https:\/\/mauvaisgenre.org\/index.php\/wp-json\/wp\/v2\/pages\/1148\/revisions"}],"predecessor-version":[{"id":1951,"href":"https:\/\/mauvaisgenre.org\/index.php\/wp-json\/wp\/v2\/pages\/1148\/revisions\/1951"}],"wp:attachment":[{"href":"https:\/\/mauvaisgenre.org\/index.php\/wp-json\/wp\/v2\/media?parent=1148"}],"curies":[{"name":"wp","href":"https:\/\/api.w.org\/{rel}","templated":true}]}}