{"id":1170,"date":"2019-05-29T17:47:51","date_gmt":"2019-05-29T15:47:51","guid":{"rendered":"http:\/\/mauvaisgenre.org\/?page_id=1170"},"modified":"2020-09-15T10:10:26","modified_gmt":"2020-09-15T08:10:26","slug":"moutarde-maximum-lien-direct","status":"publish","type":"page","link":"https:\/\/mauvaisgenre.org\/index.php\/moutarde-maximum-lien-direct\/","title":{"rendered":"Moutarde Maximum lien direct"},"content":{"rendered":"\n<div class=\"wp-block-themeisle-blocks-advanced-columns alignfull has-1-columns has-desktop-equal-layout has-tablet-equal-layout has-mobile-equal-layout has-nogap-gap has-vertical-unset\" id=\"wp-block-themeisle-blocks-advanced-columns-16fdebf3\"><div class=\"wp-block-themeisle-blocks-advanced-columns-overlay\"><\/div><div class=\"innerblocks-wrap\">\n<div class=\"wp-block-themeisle-blocks-advanced-column\" id=\"wp-block-themeisle-blocks-advanced-column-3c2ce701\">\n<div id=\"wp-block-themeisle-blocks-advanced-heading-55730eb5\" class=\"wp-block-themeisle-blocks-advanced-heading wp-block-themeisle-blocks-advanced-heading-55730eb5\"><img fetchpriority=\"high\" decoding=\"async\" width=\"1280\" height=\"150\" class=\"wp-image-1105\" style=\"width: 1280px;\" src=\"https:\/\/mauvaisgenre.org\/wp-content\/uploads\/2019\/05\/mmban.jpg\" alt=\"\" srcset=\"https:\/\/mauvaisgenre.org\/wp-content\/uploads\/2019\/05\/mmban.jpg 1280w, https:\/\/mauvaisgenre.org\/wp-content\/uploads\/2019\/05\/mmban-300x35.jpg 300w, https:\/\/mauvaisgenre.org\/wp-content\/uploads\/2019\/05\/mmban-768x90.jpg 768w, https:\/\/mauvaisgenre.org\/wp-content\/uploads\/2019\/05\/mmban-1024x120.jpg 1024w\" sizes=\"(max-width: 1280px) 100vw, 1280px\" \/><\/div>\n\n\n\n<h2 id=\"wp-block-themeisle-blocks-advanced-heading-90fc2118\" class=\"wp-block-themeisle-blocks-advanced-heading wp-block-themeisle-blocks-advanced-heading-90fc2118\">Les liens Directs<\/h2>\n\n\n\n<div class=\"wp-block-themeisle-blocks-advanced-columns has-1-columns has-desktop-equal-layout has-tablet-equal-layout has-mobile-equal-layout has-nogap-gap has-vertical-unset\" id=\"wp-block-themeisle-blocks-advanced-columns-eff143a0\"><div class=\"wp-block-themeisle-blocks-advanced-columns-overlay\"><\/div><div class=\"innerblocks-wrap\">\n<div class=\"wp-block-themeisle-blocks-advanced-column\" id=\"wp-block-themeisle-blocks-advanced-column-80b177c0\"><div class=\"wp-block-themeisle-blocks-posts-grid\" id=\"\"><div class=\"is-grid o-posts-grid-columns-4\"><div class=\"o-posts-grid-post-blog o-posts-grid-post-plain\"><div class=\"o-posts-grid-post\"><div class=\"o-posts-grid-post-image\"><a href=\"https:\/\/mauvaisgenre.org\/index.php\/2019\/11\/18\/mm05\/\"><img decoding=\"async\" width=\"960\" height=\"960\" src=\"https:\/\/mauvaisgenre.org\/wp-content\/uploads\/2019\/11\/mm05.jpg\" class=\"attachment-full size-full\" alt=\"05 &#8211; Corto, la Maraude \u00e0 Moustache\" srcset=\"https:\/\/mauvaisgenre.org\/wp-content\/uploads\/2019\/11\/mm05.jpg 960w, https:\/\/mauvaisgenre.org\/wp-content\/uploads\/2019\/11\/mm05-300x300.jpg 300w, https:\/\/mauvaisgenre.org\/wp-content\/uploads\/2019\/11\/mm05-150x150.jpg 150w, https:\/\/mauvaisgenre.org\/wp-content\/uploads\/2019\/11\/mm05-768x768.jpg 768w\" sizes=\"(max-width: 960px) 100vw, 960px\" \/><\/a><\/div><div class=\"o-posts-grid-post-body\"><h4 class=\"o-posts-grid-post-title\"><a href=\"https:\/\/mauvaisgenre.org\/index.php\/2019\/11\/18\/mm05\/\">05 &#8211; Corto, la Maraude \u00e0 Moustache<\/a><\/h4><p class=\"o-posts-grid-post-meta\">Posted on <time datetime=\"2019-11-18T12:00:00+01:00\">18 novembre 2019<\/time> by <a href=\"https:\/\/mauvaisgenre.org\/index.php\/author\/admin1000\/\">mauvaisgenre<\/a><\/p><div class=\"o-posts-grid-post-description\"><p>Ce mois ci, Moutarde Maximum re\u00e7oit Corto, fondateur du Burgudians Beard Club, une association de ma\u2026<\/p><\/div><\/div><\/div><\/div><div class=\"o-posts-grid-post-blog o-posts-grid-post-plain\"><div class=\"o-posts-grid-post\"><div class=\"o-posts-grid-post-image\"><a href=\"https:\/\/mauvaisgenre.org\/index.php\/2019\/10\/08\/moutarde-maximum-04-arnaud-le-franc-insoumis\/\"><img decoding=\"async\" width=\"2700\" height=\"2700\" src=\"https:\/\/mauvaisgenre.org\/wp-content\/uploads\/2019\/10\/MM04.jpg\" class=\"attachment-full size-full\" alt=\"Moutarde Maximum #04 &#8211; Arnaud &#8211; Le Franc Insoumis\" srcset=\"https:\/\/mauvaisgenre.org\/wp-content\/uploads\/2019\/10\/MM04.jpg 2700w, https:\/\/mauvaisgenre.org\/wp-content\/uploads\/2019\/10\/MM04-150x150.jpg 150w, https:\/\/mauvaisgenre.org\/wp-content\/uploads\/2019\/10\/MM04-300x300.jpg 300w, https:\/\/mauvaisgenre.org\/wp-content\/uploads\/2019\/10\/MM04-768x768.jpg 768w, https:\/\/mauvaisgenre.org\/wp-content\/uploads\/2019\/10\/MM04-1024x1024.jpg 1024w\" sizes=\"(max-width: 2700px) 100vw, 2700px\" \/><\/a><\/div><div class=\"o-posts-grid-post-body\"><h4 class=\"o-posts-grid-post-title\"><a href=\"https:\/\/mauvaisgenre.org\/index.php\/2019\/10\/08\/moutarde-maximum-04-arnaud-le-franc-insoumis\/\">Moutarde Maximum #04 &#8211; Arnaud &#8211; Le Franc Insoumis<\/a><\/h4><p class=\"o-posts-grid-post-meta\">Posted on <time datetime=\"2019-10-08T12:00:54+02:00\">8 octobre 2019<\/time> by <a href=\"https:\/\/mauvaisgenre.org\/index.php\/author\/admin1000\/\">mauvaisgenre<\/a><\/p><div class=\"o-posts-grid-post-description\"><p>Ce mois-ci, l&rsquo;\u00e9quipe de Moutarde Maximum accueille Arnaud, militant France Insoumise, qui vien\u2026<\/p><\/div><\/div><\/div><\/div><div class=\"o-posts-grid-post-blog o-posts-grid-post-plain\"><div class=\"o-posts-grid-post\"><div class=\"o-posts-grid-post-image\"><a href=\"https:\/\/mauvaisgenre.org\/index.php\/2019\/07\/20\/moutarde-maximum-03-margot-et-amandine-lescape-game-explique-a-ma-mere\/\"><img loading=\"lazy\" decoding=\"async\" width=\"2900\" height=\"2900\" src=\"https:\/\/mauvaisgenre.org\/wp-content\/uploads\/2019\/07\/MMs01e03.jpg\" class=\"attachment-full size-full\" alt=\"Moutarde Maximum #03 &#8211; Margot et Amandine &#8211; L&rsquo;Escape Game expliqu\u00e9 \u00e0 ma m\u00e8re\" srcset=\"https:\/\/mauvaisgenre.org\/wp-content\/uploads\/2019\/07\/MMs01e03.jpg 2900w, https:\/\/mauvaisgenre.org\/wp-content\/uploads\/2019\/07\/MMs01e03-150x150.jpg 150w, https:\/\/mauvaisgenre.org\/wp-content\/uploads\/2019\/07\/MMs01e03-300x300.jpg 300w, https:\/\/mauvaisgenre.org\/wp-content\/uploads\/2019\/07\/MMs01e03-768x768.jpg 768w, https:\/\/mauvaisgenre.org\/wp-content\/uploads\/2019\/07\/MMs01e03-1024x1024.jpg 1024w\" sizes=\"(max-width: 2900px) 100vw, 2900px\" \/><\/a><\/div><div class=\"o-posts-grid-post-body\"><h4 class=\"o-posts-grid-post-title\"><a href=\"https:\/\/mauvaisgenre.org\/index.php\/2019\/07\/20\/moutarde-maximum-03-margot-et-amandine-lescape-game-explique-a-ma-mere\/\">Moutarde Maximum #03 &#8211; Margot et Amandine &#8211; L&rsquo;Escape Game expliqu\u00e9 \u00e0 ma m\u00e8re<\/a><\/h4><p class=\"o-posts-grid-post-meta\">Posted on <time datetime=\"2019-07-20T11:54:52+02:00\">20 juillet 2019<\/time> by <a href=\"https:\/\/mauvaisgenre.org\/index.php\/author\/admin1000\/\">mauvaisgenre<\/a><\/p><div class=\"o-posts-grid-post-description\"><p>Moutarde Maximum #03 &#8211; Margot et Amandine \u2013 L\u2019Escape Game expliqu\u00e9 \u00e0 ma m\u00e8re Ce mois-ci, l&amp;rsq\u2026<\/p><\/div><\/div><\/div><\/div><div class=\"o-posts-grid-post-blog o-posts-grid-post-plain\"><div class=\"o-posts-grid-post\"><div class=\"o-posts-grid-post-image\"><a href=\"https:\/\/mauvaisgenre.org\/index.php\/2019\/06\/28\/moutarde-maximum-02-antoine-garcon-un-cafe-politique\/\"><img loading=\"lazy\" decoding=\"async\" width=\"3000\" height=\"3000\" src=\"https:\/\/mauvaisgenre.org\/wp-content\/uploads\/2019\/06\/MMs01e02.jpg\" class=\"attachment-full size-full\" alt=\"Moutarde Maximum #02 &#8211; Antoine &#8211; Gar\u00e7on ! Un caf\u00e9 politique !\" srcset=\"https:\/\/mauvaisgenre.org\/wp-content\/uploads\/2019\/06\/MMs01e02.jpg 3000w, https:\/\/mauvaisgenre.org\/wp-content\/uploads\/2019\/06\/MMs01e02-150x150.jpg 150w, https:\/\/mauvaisgenre.org\/wp-content\/uploads\/2019\/06\/MMs01e02-300x300.jpg 300w, https:\/\/mauvaisgenre.org\/wp-content\/uploads\/2019\/06\/MMs01e02-768x768.jpg 768w, https:\/\/mauvaisgenre.org\/wp-content\/uploads\/2019\/06\/MMs01e02-1024x1024.jpg 1024w\" sizes=\"(max-width: 3000px) 100vw, 3000px\" \/><\/a><\/div><div class=\"o-posts-grid-post-body\"><h4 class=\"o-posts-grid-post-title\"><a href=\"https:\/\/mauvaisgenre.org\/index.php\/2019\/06\/28\/moutarde-maximum-02-antoine-garcon-un-cafe-politique\/\">Moutarde Maximum #02 &#8211; Antoine &#8211; Gar\u00e7on ! Un caf\u00e9 politique !<\/a><\/h4><p class=\"o-posts-grid-post-meta\">Posted on <time datetime=\"2019-06-28T10:50:39+02:00\">28 juin 2019<\/time> by <a href=\"https:\/\/mauvaisgenre.org\/index.php\/author\/admin1000\/\">mauvaisgenre<\/a><\/p><div class=\"o-posts-grid-post-description\"><p>Ce mois-ci, Moutarde Maximum re\u00e7oit Antoine de Pas en campagne, un collectif qui organise des rencon\u2026<\/p><\/div><\/div><\/div><\/div><div class=\"o-posts-grid-post-blog o-posts-grid-post-plain\"><div class=\"o-posts-grid-post\"><div class=\"o-posts-grid-post-image\"><a href=\"https:\/\/mauvaisgenre.org\/index.php\/2019\/05\/29\/moutarde-maximum-01-seth-error-404-tattoo-workshop\/\"><img loading=\"lazy\" decoding=\"async\" width=\"3000\" height=\"3000\" src=\"https:\/\/mauvaisgenre.org\/wp-content\/uploads\/2019\/05\/Mms00e01.jpg\" class=\"attachment-full size-full\" alt=\"Moutarde Maximum #01 &#8211; Seth &#8211; Error 404 Tattoo Workshop\" srcset=\"https:\/\/mauvaisgenre.org\/wp-content\/uploads\/2019\/05\/Mms00e01.jpg 3000w, https:\/\/mauvaisgenre.org\/wp-content\/uploads\/2019\/05\/Mms00e01-150x150.jpg 150w, https:\/\/mauvaisgenre.org\/wp-content\/uploads\/2019\/05\/Mms00e01-300x300.jpg 300w, https:\/\/mauvaisgenre.org\/wp-content\/uploads\/2019\/05\/Mms00e01-768x768.jpg 768w, https:\/\/mauvaisgenre.org\/wp-content\/uploads\/2019\/05\/Mms00e01-1024x1024.jpg 1024w\" sizes=\"(max-width: 3000px) 100vw, 3000px\" \/><\/a><\/div><div class=\"o-posts-grid-post-body\"><h4 class=\"o-posts-grid-post-title\"><a href=\"https:\/\/mauvaisgenre.org\/index.php\/2019\/05\/29\/moutarde-maximum-01-seth-error-404-tattoo-workshop\/\">Moutarde Maximum #01 &#8211; Seth &#8211; Error 404 Tattoo Workshop<\/a><\/h4><p class=\"o-posts-grid-post-meta\">Posted on <time datetime=\"2019-05-29T16:46:30+02:00\">29 mai 2019<\/time> by <a href=\"https:\/\/mauvaisgenre.org\/index.php\/author\/admin1000\/\">mauvaisgenre<\/a><\/p><div class=\"o-posts-grid-post-description\"><p>Pour cet \u00e9pisode pilote de Moutarde Maximum, on re\u00e7oit Seth, tatoueur. Il nous raconte ses d\u00e9buts, d\u2026<\/p><\/div><\/div><\/div><\/div><\/div> <\/div><\/div>\n<\/div><\/div>\n<\/div>\n<\/div><\/div>\n","protected":false},"excerpt":{"rendered":"","protected":false},"author":1,"featured_media":0,"parent":0,"menu_order":0,"comment_status":"closed","ping_status":"closed","template":"page-templates\/template-pagebuilder-full-width.php","meta":{"neve_meta_sidebar":"","neve_meta_container":"","neve_meta_enable_content_width":"","neve_meta_content_width":70,"neve_meta_title_alignment":"","neve_meta_author_avatar":"","neve_post_elements_order":"","neve_meta_disable_header":"","neve_meta_disable_footer":"","neve_meta_disable_title":"on","_themeisle_gutenberg_block_has_review":false,"footnotes":""},"class_list":["post-1170","page","type-page","status-publish","hentry"],"_links":{"self":[{"href":"https:\/\/mauvaisgenre.org\/index.php\/wp-json\/wp\/v2\/pages\/1170"}],"collection":[{"href":"https:\/\/mauvaisgenre.org\/index.php\/wp-json\/wp\/v2\/pages"}],"about":[{"href":"https:\/\/mauvaisgenre.org\/index.php\/wp-json\/wp\/v2\/types\/page"}],"author":[{"embeddable":true,"href":"https:\/\/mauvaisgenre.org\/index.php\/wp-json\/wp\/v2\/users\/1"}],"replies":[{"embeddable":true,"href":"https:\/\/mauvaisgenre.org\/index.php\/wp-json\/wp\/v2\/comments?post=1170"}],"version-history":[{"count":2,"href":"https:\/\/mauvaisgenre.org\/index.php\/wp-json\/wp\/v2\/pages\/1170\/revisions"}],"predecessor-version":[{"id":1954,"href":"https:\/\/mauvaisgenre.org\/index.php\/wp-json\/wp\/v2\/pages\/1170\/revisions\/1954"}],"wp:attachment":[{"href":"https:\/\/mauvaisgenre.org\/index.php\/wp-json\/wp\/v2\/media?parent=1170"}],"curies":[{"name":"wp","href":"https:\/\/api.w.org\/{rel}","templated":true}]}}