{"id":1213,"date":"2019-06-24T16:14:28","date_gmt":"2019-06-24T14:14:28","guid":{"rendered":"http:\/\/mauvaisgenre.org\/?page_id=1213"},"modified":"2020-03-15T01:07:35","modified_gmt":"2020-03-15T00:07:35","slug":"jy-comprends-rien-mais-jaime-bien","status":"publish","type":"page","link":"https:\/\/mauvaisgenre.org\/index.php\/jy-comprends-rien-mais-jaime-bien\/","title":{"rendered":"J&rsquo;y comprends rien mais j&rsquo;aime bien"},"content":{"rendered":"<p><img loading=\"lazy\" decoding=\"async\" width=\"1280\" height=\"150\" src=\"https:\/\/mauvaisgenre.org\/wp-content\/uploads\/2019\/06\/JCRMJABban.jpg\" alt=\"\" srcset=\"https:\/\/mauvaisgenre.org\/wp-content\/uploads\/2019\/06\/JCRMJABban.jpg 1280w, https:\/\/mauvaisgenre.org\/wp-content\/uploads\/2019\/06\/JCRMJABban-300x35.jpg 300w, https:\/\/mauvaisgenre.org\/wp-content\/uploads\/2019\/06\/JCRMJABban-768x90.jpg 768w, https:\/\/mauvaisgenre.org\/wp-content\/uploads\/2019\/06\/JCRMJABban-1024x120.jpg 1024w\" sizes=\"(max-width: 1280px) 100vw, 1280px\"><br \/>\n<img loading=\"lazy\" decoding=\"async\" width=\"1024\" height=\"1024\" src=\"https:\/\/mauvaisgenre.org\/wp-content\/uploads\/2019\/06\/JCRMJAB3000-1024x1024.jpg\" alt=\"\" srcset=\"https:\/\/mauvaisgenre.org\/wp-content\/uploads\/2019\/06\/JCRMJAB3000-1024x1024.jpg 1024w, https:\/\/mauvaisgenre.org\/wp-content\/uploads\/2019\/06\/JCRMJAB3000-150x150.jpg 150w, https:\/\/mauvaisgenre.org\/wp-content\/uploads\/2019\/06\/JCRMJAB3000-300x300.jpg 300w, https:\/\/mauvaisgenre.org\/wp-content\/uploads\/2019\/06\/JCRMJAB3000-768x768.jpg 768w\" sizes=\"(max-width: 1024px) 100vw, 1024px\"><\/p>\n<p>Podcast musical visant \u00e0 \u00e9tablir une critique construite d&rsquo;un artiste ou d&rsquo;un album dont on ne comprend pas un seul mot.<br \/>\nHip-hop palestinien, metal allemand, folk slave, musique electro birmane, \u00ab\u00a0JCRMJAB\u00a0\u00bb (tel qu&rsquo;on le nomme d\u00e9j\u00e0 dans les cercles autoris\u00e9s), ne se refusera \u00e0 aucune d\u00e9couverte.<\/p>\n<p>Arm\u00e9 de google translate et de l&rsquo;algorithme de spotify, nul doute que ce voyage est promis \u00e0 repousser les fronti\u00e8res du monde musical connu. En toute humilit\u00e9, bien sur.<\/p>\n<p><a href=\"https:\/\/open.spotify.com\/show\/735wlRJLwDR1W51kK8J91t?si=teEsSN0GT3i9z3ocGLDnrA\" role=\"button\"><br \/>\nSpotify<br \/>\n<\/a><br \/>\n<a href=\"https:\/\/podcasts.apple.com\/fr\/podcast\/jy-comprends-rien-mais-jaime-bien\/id1469908644\" role=\"button\"><br \/>\nApplePodcast<br \/>\n<\/a><br \/>\n<a href=\"http:\/\/subscribeonandroid.com\/mauvaisgenre.org\/index.php\/category\/jy-comprends-rien-mais-jaime-bien\/feed\/\" role=\"button\"><br \/>\nAndroid<br \/>\n<\/a><br \/>\n<a href=\"https:\/\/mauvaisgenre.org\/index.php\/jy-comprends-rien-mais-jaime-bien-liens-directs\/\" role=\"button\"><br \/>\nLien Direct<br \/>\n<\/a><\/p>\n","protected":false},"excerpt":{"rendered":"<p>Podcast musical visant \u00e0 \u00e9tablir une critique construite d&rsquo;un artiste ou d&rsquo;un album dont on ne comprend pas un seul mot. Hip-hop palestinien, metal allemand, folk slave, musique electro birmane, \u00ab\u00a0JCRMJAB\u00a0\u00bb (tel qu&rsquo;on le nomme d\u00e9j\u00e0 dans les cercles autoris\u00e9s), ne se refusera \u00e0 aucune d\u00e9couverte. Arm\u00e9 de google translate et de l&rsquo;algorithme de spotify,&hellip;&nbsp;<a href=\"https:\/\/mauvaisgenre.org\/index.php\/jy-comprends-rien-mais-jaime-bien\/\" rel=\"bookmark\">Lire la suite &raquo;<span class=\"screen-reader-text\">J&rsquo;y comprends rien mais j&rsquo;aime bien<\/span><\/a><\/p>\n","protected":false},"author":1,"featured_media":0,"parent":0,"menu_order":0,"comment_status":"closed","ping_status":"closed","template":"page-templates\/template-pagebuilder-full-width.php","meta":{"neve_meta_sidebar":"default","neve_meta_container":"default","neve_meta_enable_content_width":"off","neve_meta_content_width":70,"neve_meta_title_alignment":"","neve_meta_author_avatar":"","neve_post_elements_order":"","neve_meta_disable_header":"off","neve_meta_disable_footer":"off","neve_meta_disable_title":"on","_themeisle_gutenberg_block_has_review":false,"footnotes":""},"class_list":["post-1213","page","type-page","status-publish","hentry"],"_links":{"self":[{"href":"https:\/\/mauvaisgenre.org\/index.php\/wp-json\/wp\/v2\/pages\/1213"}],"collection":[{"href":"https:\/\/mauvaisgenre.org\/index.php\/wp-json\/wp\/v2\/pages"}],"about":[{"href":"https:\/\/mauvaisgenre.org\/index.php\/wp-json\/wp\/v2\/types\/page"}],"author":[{"embeddable":true,"href":"https:\/\/mauvaisgenre.org\/index.php\/wp-json\/wp\/v2\/users\/1"}],"replies":[{"embeddable":true,"href":"https:\/\/mauvaisgenre.org\/index.php\/wp-json\/wp\/v2\/comments?post=1213"}],"version-history":[{"count":20,"href":"https:\/\/mauvaisgenre.org\/index.php\/wp-json\/wp\/v2\/pages\/1213\/revisions"}],"predecessor-version":[{"id":1672,"href":"https:\/\/mauvaisgenre.org\/index.php\/wp-json\/wp\/v2\/pages\/1213\/revisions\/1672"}],"wp:attachment":[{"href":"https:\/\/mauvaisgenre.org\/index.php\/wp-json\/wp\/v2\/media?parent=1213"}],"curies":[{"name":"wp","href":"https:\/\/api.w.org\/{rel}","templated":true}]}}