{"id":1450,"date":"2019-11-14T13:47:53","date_gmt":"2019-11-14T12:47:53","guid":{"rendered":"http:\/\/mauvaisgenre.org\/?page_id=1450"},"modified":"2019-11-26T12:55:00","modified_gmt":"2019-11-26T11:55:00","slug":"youpi-la-vie","status":"publish","type":"page","link":"https:\/\/mauvaisgenre.org\/index.php\/nos-podcasts\/youpi-la-vie\/","title":{"rendered":"Youpi La Vie"},"content":{"rendered":"<p><img loading=\"lazy\" decoding=\"async\" width=\"1280\" height=\"150\" src=\"https:\/\/mauvaisgenre.org\/wp-content\/uploads\/2019\/11\/YLVban.jpg\" alt=\"\" srcset=\"https:\/\/mauvaisgenre.org\/wp-content\/uploads\/2019\/11\/YLVban.jpg 1280w, https:\/\/mauvaisgenre.org\/wp-content\/uploads\/2019\/11\/YLVban-300x35.jpg 300w, https:\/\/mauvaisgenre.org\/wp-content\/uploads\/2019\/11\/YLVban-768x90.jpg 768w, https:\/\/mauvaisgenre.org\/wp-content\/uploads\/2019\/11\/YLVban-1024x120.jpg 1024w\" sizes=\"(max-width: 1280px) 100vw, 1280px\" \/><br \/>\n\t\t\t\t\t\t\t\t\t\t<img loading=\"lazy\" decoding=\"async\" width=\"1024\" height=\"1024\" src=\"https:\/\/mauvaisgenre.org\/wp-content\/uploads\/2019\/11\/YLV-1024x1024.jpg\" alt=\"\" srcset=\"https:\/\/mauvaisgenre.org\/wp-content\/uploads\/2019\/11\/YLV-1024x1024.jpg 1024w, https:\/\/mauvaisgenre.org\/wp-content\/uploads\/2019\/11\/YLV-150x150.jpg 150w, https:\/\/mauvaisgenre.org\/wp-content\/uploads\/2019\/11\/YLV-300x300.jpg 300w, https:\/\/mauvaisgenre.org\/wp-content\/uploads\/2019\/11\/YLV-768x768.jpg 768w\" sizes=\"(max-width: 1024px) 100vw, 1024px\" \/>\t\t\t\t\t\t\t\t\t\t\t<\/p>\n<p><\/p>\n<p>Comme tout le monde le sait, un bon podcast repose sur une th\u00e8matique de niche.&nbsp;<\/p>\n<p>C&rsquo;est pourquoi Youpi la vie a choisi de parler de la vie en g\u00e9n\u00e9ral <br \/>Chaque \u00e9pisode, l&rsquo;\u00e9quipe revient avec humour sur les petites victoires et les grandes looses du quotidien. Enterrer sa grand m\u00e8re, faire ses courses au super march\u00e9 et manger des pates un jeudi soir sont autant de sujet que nous traiterons avec s\u00e9rieux et expertise.<\/p>\n<p>La vie est une blague. Comme ce podcast<\/p>\n<h2>\u00c9coutez nous sur<\/h2>\n<p>\t\t\t<a href=\"https:\/\/open.spotify.com\/show\/7u6YxFxsCBkR9yr6demQPl?si=etLXtQyLSOGLQ5Stb5Cw6Q\" role=\"button\"><br \/>\n\t\t\t\t\t\tSpotify<br \/>\n\t\t\t\t\t<\/a><br \/>\n\t\t\t<a href=\"http:\/\/subscribeonandroid.com\/mauvaisgenre.org\/index.php\/category\/ylv\/feed\/\" role=\"button\"><br \/>\n\t\t\t\t\t\tAndroid<br \/>\n\t\t\t\t\t<\/a><br \/>\n\t\t\t<a href=\"https:\/\/podcasts.apple.com\/fr\/podcast\/youpi-la-vie\/id1488664602\" role=\"button\"><br \/>\n\t\t\t\t\t\tPodcast<br \/>\n\t\t\t\t\t<\/a><br \/>\n\t\t\t<a href=\"https:\/\/mauvaisgenre.org\/index.php\/youpi-la-vie-en-lien-direct\/\" role=\"button\"><br \/>\n\t\t\t\t\t\tLien Direct<br \/>\n\t\t\t\t\t<\/a><br \/>\n\t\t\t\t\t\t\t<a href=\"https:\/\/www.facebook.com\/Mauvaisgenrepodcast\/\" target=\"_blank\" rel=\"noopener noreferrer\"><br \/>\n\t\t\t\t\tFacebook<br \/>\n\t\t\t\t\t\t\t\t\t<\/a><br \/>\n\t\t\t\t\t\t\t<a href=\"https:\/\/twitter.com\/lavieyoupi\" target=\"_blank\" rel=\"noopener noreferrer\"><br \/>\n\t\t\t\t\tTwitter<br \/>\n\t\t\t\t\t\t\t\t\t<\/a><\/p>\n","protected":false},"excerpt":{"rendered":"<p>Comme tout le monde le sait, un bon podcast repose sur une th\u00e8matique de niche.&nbsp; C&rsquo;est pourquoi Youpi la vie a choisi de parler de la vie en g\u00e9n\u00e9ral Chaque \u00e9pisode, l&rsquo;\u00e9quipe revient avec humour sur les petites victoires et les grandes looses du quotidien. Enterrer sa grand m\u00e8re, faire ses courses au super march\u00e9&hellip;&nbsp;<a href=\"https:\/\/mauvaisgenre.org\/index.php\/nos-podcasts\/youpi-la-vie\/\" rel=\"bookmark\">Lire la suite &raquo;<span class=\"screen-reader-text\">Youpi La Vie<\/span><\/a><\/p>\n","protected":false},"author":1,"featured_media":0,"parent":820,"menu_order":0,"comment_status":"closed","ping_status":"closed","template":"","meta":{"neve_meta_sidebar":"default","neve_meta_container":"default","neve_meta_enable_content_width":"off","neve_meta_content_width":70,"neve_meta_title_alignment":"","neve_meta_author_avatar":"","neve_post_elements_order":"","neve_meta_disable_header":"off","neve_meta_disable_footer":"off","neve_meta_disable_title":"on","_themeisle_gutenberg_block_has_review":false,"footnotes":""},"class_list":["post-1450","page","type-page","status-publish","hentry"],"_links":{"self":[{"href":"https:\/\/mauvaisgenre.org\/index.php\/wp-json\/wp\/v2\/pages\/1450"}],"collection":[{"href":"https:\/\/mauvaisgenre.org\/index.php\/wp-json\/wp\/v2\/pages"}],"about":[{"href":"https:\/\/mauvaisgenre.org\/index.php\/wp-json\/wp\/v2\/types\/page"}],"author":[{"embeddable":true,"href":"https:\/\/mauvaisgenre.org\/index.php\/wp-json\/wp\/v2\/users\/1"}],"replies":[{"embeddable":true,"href":"https:\/\/mauvaisgenre.org\/index.php\/wp-json\/wp\/v2\/comments?post=1450"}],"version-history":[{"count":26,"href":"https:\/\/mauvaisgenre.org\/index.php\/wp-json\/wp\/v2\/pages\/1450\/revisions"}],"predecessor-version":[{"id":1574,"href":"https:\/\/mauvaisgenre.org\/index.php\/wp-json\/wp\/v2\/pages\/1450\/revisions\/1574"}],"up":[{"embeddable":true,"href":"https:\/\/mauvaisgenre.org\/index.php\/wp-json\/wp\/v2\/pages\/820"}],"wp:attachment":[{"href":"https:\/\/mauvaisgenre.org\/index.php\/wp-json\/wp\/v2\/media?parent=1450"}],"curies":[{"name":"wp","href":"https:\/\/api.w.org\/{rel}","templated":true}]}}