{"id":1543,"date":"2019-11-20T11:40:02","date_gmt":"2019-11-20T10:40:02","guid":{"rendered":"http:\/\/mauvaisgenre.org\/?page_id=1543"},"modified":"2020-09-15T10:06:56","modified_gmt":"2020-09-15T08:06:56","slug":"youpi-la-vie-en-lien-direct","status":"publish","type":"page","link":"https:\/\/mauvaisgenre.org\/index.php\/youpi-la-vie-en-lien-direct\/","title":{"rendered":"Youpi La Vie &#8211; En lien direct"},"content":{"rendered":"\n<figure class=\"wp-block-image size-full\"><img loading=\"lazy\" decoding=\"async\" width=\"1280\" height=\"150\" src=\"https:\/\/mauvaisgenre.org\/wp-content\/uploads\/2019\/11\/YLVban.jpg\" alt=\"\" class=\"wp-image-1449\" srcset=\"https:\/\/mauvaisgenre.org\/wp-content\/uploads\/2019\/11\/YLVban.jpg 1280w, https:\/\/mauvaisgenre.org\/wp-content\/uploads\/2019\/11\/YLVban-300x35.jpg 300w, https:\/\/mauvaisgenre.org\/wp-content\/uploads\/2019\/11\/YLVban-768x90.jpg 768w, https:\/\/mauvaisgenre.org\/wp-content\/uploads\/2019\/11\/YLVban-1024x120.jpg 1024w\" sizes=\"(max-width: 1280px) 100vw, 1280px\" \/><\/figure>\n\n\n<div class=\"animated fadeIn wp-block-themeisle-blocks-posts-grid\" id=\"\"><div class=\"is-grid o-posts-grid-columns-4\"><div class=\"o-posts-grid-post-blog o-posts-grid-post-plain\"><div class=\"o-posts-grid-post\"><div class=\"o-posts-grid-post-image\"><a href=\"https:\/\/mauvaisgenre.org\/index.php\/2023\/04\/01\/etre-un-boomer\/\"><img loading=\"lazy\" decoding=\"async\" width=\"2560\" height=\"2560\" src=\"https:\/\/mauvaisgenre.org\/wp-content\/uploads\/2023\/03\/YOLO1-scaled.jpg\" class=\"attachment-full size-full\" alt=\"\u00catre un Boomer\" srcset=\"https:\/\/mauvaisgenre.org\/wp-content\/uploads\/2023\/03\/YOLO1-scaled.jpg 2560w, https:\/\/mauvaisgenre.org\/wp-content\/uploads\/2023\/03\/YOLO1-300x300.jpg 300w, https:\/\/mauvaisgenre.org\/wp-content\/uploads\/2023\/03\/YOLO1-1024x1024.jpg 1024w, https:\/\/mauvaisgenre.org\/wp-content\/uploads\/2023\/03\/YOLO1-150x150.jpg 150w, https:\/\/mauvaisgenre.org\/wp-content\/uploads\/2023\/03\/YOLO1-768x768.jpg 768w, https:\/\/mauvaisgenre.org\/wp-content\/uploads\/2023\/03\/YOLO1-1536x1536.jpg 1536w, https:\/\/mauvaisgenre.org\/wp-content\/uploads\/2023\/03\/YOLO1-2048x2048.jpg 2048w\" sizes=\"(max-width: 2560px) 100vw, 2560px\" \/><\/a><\/div><div class=\"o-posts-grid-post-body\"><h4 class=\"o-posts-grid-post-title\"><a href=\"https:\/\/mauvaisgenre.org\/index.php\/2023\/04\/01\/etre-un-boomer\/\">\u00catre un Boomer<\/a><\/h4><div class=\"o-posts-grid-post-description\"><p>L&rsquo;\u00e9quipe du Youpiverse est de retour dans un podcast de discussion et de jeu. Pour ce premier \u2026<\/p><\/div><\/div><\/div><\/div><div class=\"o-posts-grid-post-blog o-posts-grid-post-plain\"><div class=\"o-posts-grid-post\"><div class=\"o-posts-grid-post-image\"><a href=\"https:\/\/mauvaisgenre.org\/index.php\/2021\/12\/03\/11-enregistrer-un-podcast\/\"><img loading=\"lazy\" decoding=\"async\" width=\"2560\" height=\"2560\" src=\"https:\/\/mauvaisgenre.org\/wp-content\/uploads\/2021\/12\/YLV11-scaled.jpg\" class=\"attachment-full size-full\" alt=\"#11 &#8211; Enregistrer un podcast\" srcset=\"https:\/\/mauvaisgenre.org\/wp-content\/uploads\/2021\/12\/YLV11-scaled.jpg 2560w, https:\/\/mauvaisgenre.org\/wp-content\/uploads\/2021\/12\/YLV11-300x300.jpg 300w, https:\/\/mauvaisgenre.org\/wp-content\/uploads\/2021\/12\/YLV11-1024x1024.jpg 1024w, https:\/\/mauvaisgenre.org\/wp-content\/uploads\/2021\/12\/YLV11-150x150.jpg 150w, https:\/\/mauvaisgenre.org\/wp-content\/uploads\/2021\/12\/YLV11-768x768.jpg 768w\" sizes=\"(max-width: 2560px) 100vw, 2560px\" \/><\/a><\/div><div class=\"o-posts-grid-post-body\"><h4 class=\"o-posts-grid-post-title\"><a href=\"https:\/\/mauvaisgenre.org\/index.php\/2021\/12\/03\/11-enregistrer-un-podcast\/\">#11 &#8211; Enregistrer un podcast<\/a><\/h4><div class=\"o-posts-grid-post-description\"><p>Pour ce 11eme \u00e9pisode on parle d&rsquo;enregistrer un podcast avec Romain de Fais Ta BA et Florent d\u2026<\/p><\/div><\/div><\/div><\/div><div class=\"o-posts-grid-post-blog o-posts-grid-post-plain\"><div class=\"o-posts-grid-post\"><div class=\"o-posts-grid-post-image\"><a href=\"https:\/\/mauvaisgenre.org\/index.php\/2021\/10\/16\/10-devenir-une-popstar\/\"><img loading=\"lazy\" decoding=\"async\" width=\"2560\" height=\"2560\" src=\"https:\/\/mauvaisgenre.org\/wp-content\/uploads\/2021\/10\/YLV10-scaled.jpg\" class=\"attachment-full size-full\" alt=\"#10 &#8211; Devenir une popstar\" srcset=\"https:\/\/mauvaisgenre.org\/wp-content\/uploads\/2021\/10\/YLV10-scaled.jpg 2560w, https:\/\/mauvaisgenre.org\/wp-content\/uploads\/2021\/10\/YLV10-300x300.jpg 300w, https:\/\/mauvaisgenre.org\/wp-content\/uploads\/2021\/10\/YLV10-1024x1024.jpg 1024w, https:\/\/mauvaisgenre.org\/wp-content\/uploads\/2021\/10\/YLV10-150x150.jpg 150w, https:\/\/mauvaisgenre.org\/wp-content\/uploads\/2021\/10\/YLV10-768x768.jpg 768w, https:\/\/mauvaisgenre.org\/wp-content\/uploads\/2021\/10\/YLV10-1536x1536.jpg 1536w, https:\/\/mauvaisgenre.org\/wp-content\/uploads\/2021\/10\/YLV10-2048x2048.jpg 2048w\" sizes=\"(max-width: 2560px) 100vw, 2560px\" \/><\/a><\/div><div class=\"o-posts-grid-post-body\"><h4 class=\"o-posts-grid-post-title\"><a href=\"https:\/\/mauvaisgenre.org\/index.php\/2021\/10\/16\/10-devenir-une-popstar\/\">#10 &#8211; Devenir une popstar<\/a><\/h4><div class=\"o-posts-grid-post-description\"><p>Tout le monde veut devenir une popstar, sauf Guillaume.<\/p><\/div><\/div><\/div><\/div><div class=\"o-posts-grid-post-blog o-posts-grid-post-plain\"><div class=\"o-posts-grid-post\"><div class=\"o-posts-grid-post-image\"><a href=\"https:\/\/mauvaisgenre.org\/index.php\/2021\/04\/08\/09-aller-en-festival\/\"><img loading=\"lazy\" decoding=\"async\" width=\"2560\" height=\"2560\" src=\"https:\/\/mauvaisgenre.org\/wp-content\/uploads\/2021\/04\/YLV09-scaled.jpg\" class=\"attachment-full size-full\" alt=\"#09 &#8211; Aller En Festival\" srcset=\"https:\/\/mauvaisgenre.org\/wp-content\/uploads\/2021\/04\/YLV09-scaled.jpg 2560w, https:\/\/mauvaisgenre.org\/wp-content\/uploads\/2021\/04\/YLV09-300x300.jpg 300w, https:\/\/mauvaisgenre.org\/wp-content\/uploads\/2021\/04\/YLV09-1024x1024.jpg 1024w, https:\/\/mauvaisgenre.org\/wp-content\/uploads\/2021\/04\/YLV09-150x150.jpg 150w, https:\/\/mauvaisgenre.org\/wp-content\/uploads\/2021\/04\/YLV09-768x768.jpg 768w, https:\/\/mauvaisgenre.org\/wp-content\/uploads\/2021\/04\/YLV09-1536x1536.jpg 1536w, https:\/\/mauvaisgenre.org\/wp-content\/uploads\/2021\/04\/YLV09-2048x2048.jpg 2048w\" sizes=\"(max-width: 2560px) 100vw, 2560px\" \/><\/a><\/div><div class=\"o-posts-grid-post-body\"><h4 class=\"o-posts-grid-post-title\"><a href=\"https:\/\/mauvaisgenre.org\/index.php\/2021\/04\/08\/09-aller-en-festival\/\">#09 &#8211; Aller En Festival<\/a><\/h4><div class=\"o-posts-grid-post-description\"><p>On pense toujours que c&rsquo;est une bonne id\u00e9e et puis d&rsquo;un coup, t&rsquo;as 30 ans&#8230;<\/p><\/div><\/div><\/div><\/div><div class=\"o-posts-grid-post-blog o-posts-grid-post-plain\"><div class=\"o-posts-grid-post\"><div class=\"o-posts-grid-post-image\"><a href=\"https:\/\/mauvaisgenre.org\/index.php\/2021\/02\/07\/08-en-finir-avec-2020\/\"><img loading=\"lazy\" decoding=\"async\" width=\"2560\" height=\"2560\" src=\"https:\/\/mauvaisgenre.org\/wp-content\/uploads\/2021\/02\/YLV8-scaled.jpg\" class=\"attachment-full size-full\" alt=\"#08 &#8211; En Finir Avec 2020\" srcset=\"https:\/\/mauvaisgenre.org\/wp-content\/uploads\/2021\/02\/YLV8-scaled.jpg 2560w, https:\/\/mauvaisgenre.org\/wp-content\/uploads\/2021\/02\/YLV8-300x300.jpg 300w, https:\/\/mauvaisgenre.org\/wp-content\/uploads\/2021\/02\/YLV8-1024x1024.jpg 1024w, https:\/\/mauvaisgenre.org\/wp-content\/uploads\/2021\/02\/YLV8-150x150.jpg 150w, https:\/\/mauvaisgenre.org\/wp-content\/uploads\/2021\/02\/YLV8-768x768.jpg 768w, https:\/\/mauvaisgenre.org\/wp-content\/uploads\/2021\/02\/YLV8-1536x1536.jpg 1536w, https:\/\/mauvaisgenre.org\/wp-content\/uploads\/2021\/02\/YLV8-2048x2048.jpg 2048w\" sizes=\"(max-width: 2560px) 100vw, 2560px\" \/><\/a><\/div><div class=\"o-posts-grid-post-body\"><h4 class=\"o-posts-grid-post-title\"><a href=\"https:\/\/mauvaisgenre.org\/index.php\/2021\/02\/07\/08-en-finir-avec-2020\/\">#08 &#8211; En Finir Avec 2020<\/a><\/h4><div class=\"o-posts-grid-post-description\"><p>Bilan d&rsquo;une ann\u00e9e pas ouf avec Marie Lucile, Guillaume et Justine, mais heureusement, on brass\u2026<\/p><\/div><\/div><\/div><\/div><div class=\"o-posts-grid-post-blog o-posts-grid-post-plain\"><div class=\"o-posts-grid-post\"><div class=\"o-posts-grid-post-image\"><a href=\"https:\/\/mauvaisgenre.org\/index.php\/2020\/10\/20\/07-avoir-un-animal-de-compagnie\/\"><img loading=\"lazy\" decoding=\"async\" width=\"2560\" height=\"2560\" src=\"https:\/\/mauvaisgenre.org\/wp-content\/uploads\/2020\/10\/YLV07-scaled.jpg\" class=\"attachment-full size-full\" alt=\"#07 &#8211; Avoir un animal de compagnie\" srcset=\"https:\/\/mauvaisgenre.org\/wp-content\/uploads\/2020\/10\/YLV07-scaled.jpg 2560w, https:\/\/mauvaisgenre.org\/wp-content\/uploads\/2020\/10\/YLV07-300x300.jpg 300w, https:\/\/mauvaisgenre.org\/wp-content\/uploads\/2020\/10\/YLV07-1024x1024.jpg 1024w, https:\/\/mauvaisgenre.org\/wp-content\/uploads\/2020\/10\/YLV07-150x150.jpg 150w, https:\/\/mauvaisgenre.org\/wp-content\/uploads\/2020\/10\/YLV07-768x768.jpg 768w, https:\/\/mauvaisgenre.org\/wp-content\/uploads\/2020\/10\/YLV07-1536x1536.jpg 1536w, https:\/\/mauvaisgenre.org\/wp-content\/uploads\/2020\/10\/YLV07-2048x2048.jpg 2048w\" sizes=\"(max-width: 2560px) 100vw, 2560px\" \/><\/a><\/div><div class=\"o-posts-grid-post-body\"><h4 class=\"o-posts-grid-post-title\"><a href=\"https:\/\/mauvaisgenre.org\/index.php\/2020\/10\/20\/07-avoir-un-animal-de-compagnie\/\">#07 &#8211; Avoir un animal de compagnie<\/a><\/h4><div class=\"o-posts-grid-post-description\"><p>On va avoir des probl\u00e8mes&#8230;<\/p><\/div><\/div><\/div><\/div><div class=\"o-posts-grid-post-blog o-posts-grid-post-plain\"><div class=\"o-posts-grid-post\"><div class=\"o-posts-grid-post-image\"><a href=\"https:\/\/mauvaisgenre.org\/index.php\/2020\/09\/22\/06-episode-special-jeu\/\"><img loading=\"lazy\" decoding=\"async\" width=\"2560\" height=\"2560\" src=\"https:\/\/mauvaisgenre.org\/wp-content\/uploads\/2020\/09\/YLV6off-scaled.jpg\" class=\"attachment-full size-full\" alt=\"#06 &#8211; Episode Sp\u00e9cial Jeu\" srcset=\"https:\/\/mauvaisgenre.org\/wp-content\/uploads\/2020\/09\/YLV6off-scaled.jpg 2560w, https:\/\/mauvaisgenre.org\/wp-content\/uploads\/2020\/09\/YLV6off-300x300.jpg 300w, https:\/\/mauvaisgenre.org\/wp-content\/uploads\/2020\/09\/YLV6off-1024x1024.jpg 1024w, https:\/\/mauvaisgenre.org\/wp-content\/uploads\/2020\/09\/YLV6off-150x150.jpg 150w, https:\/\/mauvaisgenre.org\/wp-content\/uploads\/2020\/09\/YLV6off-768x768.jpg 768w, https:\/\/mauvaisgenre.org\/wp-content\/uploads\/2020\/09\/YLV6off-1536x1536.jpg 1536w, https:\/\/mauvaisgenre.org\/wp-content\/uploads\/2020\/09\/YLV6off-2048x2048.jpg 2048w\" sizes=\"(max-width: 2560px) 100vw, 2560px\" \/><\/a><\/div><div class=\"o-posts-grid-post-body\"><h4 class=\"o-posts-grid-post-title\"><a href=\"https:\/\/mauvaisgenre.org\/index.php\/2020\/09\/22\/06-episode-special-jeu\/\">#06 &#8211; Episode Sp\u00e9cial Jeu<\/a><\/h4><div class=\"o-posts-grid-post-description\"><p>Pour la rentr\u00e9e, nous avons fait un \u00e9pisode sp\u00e9cial jeu.Entre questionnaire et d\u00e9couverte de nouveau\u2026<\/p><\/div><\/div><\/div><\/div><div class=\"o-posts-grid-post-blog o-posts-grid-post-plain\"><div class=\"o-posts-grid-post\"><div class=\"o-posts-grid-post-image\"><a href=\"https:\/\/mauvaisgenre.org\/index.php\/2020\/06\/24\/05-boire-une-biere-au-bar\/\"><img loading=\"lazy\" decoding=\"async\" width=\"2560\" height=\"2560\" src=\"https:\/\/mauvaisgenre.org\/wp-content\/uploads\/2020\/06\/YLVs01e05-scaled.jpg\" class=\"attachment-full size-full\" alt=\"#05 &#8211; Boire une bi\u00e8re au bar\" srcset=\"https:\/\/mauvaisgenre.org\/wp-content\/uploads\/2020\/06\/YLVs01e05-scaled.jpg 2560w, https:\/\/mauvaisgenre.org\/wp-content\/uploads\/2020\/06\/YLVs01e05-300x300.jpg 300w, https:\/\/mauvaisgenre.org\/wp-content\/uploads\/2020\/06\/YLVs01e05-1024x1024.jpg 1024w, https:\/\/mauvaisgenre.org\/wp-content\/uploads\/2020\/06\/YLVs01e05-150x150.jpg 150w, https:\/\/mauvaisgenre.org\/wp-content\/uploads\/2020\/06\/YLVs01e05-768x768.jpg 768w, https:\/\/mauvaisgenre.org\/wp-content\/uploads\/2020\/06\/YLVs01e05-1536x1536.jpg 1536w, https:\/\/mauvaisgenre.org\/wp-content\/uploads\/2020\/06\/YLVs01e05-2048x2048.jpg 2048w\" sizes=\"(max-width: 2560px) 100vw, 2560px\" \/><\/a><\/div><div class=\"o-posts-grid-post-body\"><h4 class=\"o-posts-grid-post-title\"><a href=\"https:\/\/mauvaisgenre.org\/index.php\/2020\/06\/24\/05-boire-une-biere-au-bar\/\">#05 &#8211; Boire une bi\u00e8re au bar<\/a><\/h4><div class=\"o-posts-grid-post-description\"><p>Apr\u00e8s le confinement, l&rsquo;\u00e9quipe de Youpi La vie a voulu se retrouver pour boire des coups en te\u2026<\/p><\/div><\/div><\/div><\/div><div class=\"o-posts-grid-post-blog o-posts-grid-post-plain\"><div class=\"o-posts-grid-post\"><div class=\"o-posts-grid-post-image\"><a href=\"https:\/\/mauvaisgenre.org\/index.php\/2020\/02\/26\/04-avoir-un-date-tinder\/\"><img loading=\"lazy\" decoding=\"async\" width=\"2560\" height=\"2560\" src=\"https:\/\/mauvaisgenre.org\/wp-content\/uploads\/2020\/02\/YLV04tinder-1-scaled.jpg\" class=\"attachment-full size-full\" alt=\"#04 &#8211; Avoir un date Tinder\" srcset=\"https:\/\/mauvaisgenre.org\/wp-content\/uploads\/2020\/02\/YLV04tinder-1-scaled.jpg 2560w, https:\/\/mauvaisgenre.org\/wp-content\/uploads\/2020\/02\/YLV04tinder-1-300x300.jpg 300w, https:\/\/mauvaisgenre.org\/wp-content\/uploads\/2020\/02\/YLV04tinder-1-1024x1024.jpg 1024w, https:\/\/mauvaisgenre.org\/wp-content\/uploads\/2020\/02\/YLV04tinder-1-150x150.jpg 150w, https:\/\/mauvaisgenre.org\/wp-content\/uploads\/2020\/02\/YLV04tinder-1-768x768.jpg 768w, https:\/\/mauvaisgenre.org\/wp-content\/uploads\/2020\/02\/YLV04tinder-1-1536x1536.jpg 1536w, https:\/\/mauvaisgenre.org\/wp-content\/uploads\/2020\/02\/YLV04tinder-1-2048x2048.jpg 2048w\" sizes=\"(max-width: 2560px) 100vw, 2560px\" \/><\/a><\/div><div class=\"o-posts-grid-post-body\"><h4 class=\"o-posts-grid-post-title\"><a href=\"https:\/\/mauvaisgenre.org\/index.php\/2020\/02\/26\/04-avoir-un-date-tinder\/\">#04 &#8211; Avoir un date Tinder<\/a><\/h4><div class=\"o-posts-grid-post-description\"><p>Ce mois-ci, l&rsquo;\u00e9quipe de Youpi La Vie aborde la question de Tinder. En une heure d&rsquo;\u00e9missi\u2026<\/p><\/div><\/div><\/div><\/div><div class=\"o-posts-grid-post-blog o-posts-grid-post-plain\"><div class=\"o-posts-grid-post\"><div class=\"o-posts-grid-post-image\"><a href=\"https:\/\/mauvaisgenre.org\/index.php\/2020\/01\/20\/ylv3\/\"><img loading=\"lazy\" decoding=\"async\" width=\"2560\" height=\"2560\" src=\"https:\/\/mauvaisgenre.org\/wp-content\/uploads\/2020\/01\/YLV30--scaled.jpg\" class=\"attachment-full size-full\" alt=\"#03 &#8211; Approcher de la Trentaine\" srcset=\"https:\/\/mauvaisgenre.org\/wp-content\/uploads\/2020\/01\/YLV30--scaled.jpg 2560w, https:\/\/mauvaisgenre.org\/wp-content\/uploads\/2020\/01\/YLV30--300x300.jpg 300w, https:\/\/mauvaisgenre.org\/wp-content\/uploads\/2020\/01\/YLV30--1024x1024.jpg 1024w, https:\/\/mauvaisgenre.org\/wp-content\/uploads\/2020\/01\/YLV30--150x150.jpg 150w, https:\/\/mauvaisgenre.org\/wp-content\/uploads\/2020\/01\/YLV30--768x768.jpg 768w, https:\/\/mauvaisgenre.org\/wp-content\/uploads\/2020\/01\/YLV30--1536x1536.jpg 1536w, https:\/\/mauvaisgenre.org\/wp-content\/uploads\/2020\/01\/YLV30--2048x2048.jpg 2048w\" sizes=\"(max-width: 2560px) 100vw, 2560px\" \/><\/a><\/div><div class=\"o-posts-grid-post-body\"><h4 class=\"o-posts-grid-post-title\"><a href=\"https:\/\/mauvaisgenre.org\/index.php\/2020\/01\/20\/ylv3\/\">#03 &#8211; Approcher de la Trentaine<\/a><\/h4><div class=\"o-posts-grid-post-description\"><p>Ce mois ci, les chroniqueurs de Youpi La Vie reviennent sur le passage \u00e0 la trentaine. Douloureux, f\u2026<\/p><\/div><\/div><\/div><\/div><div class=\"o-posts-grid-post-blog o-posts-grid-post-plain\"><div class=\"o-posts-grid-post\"><div class=\"o-posts-grid-post-image\"><a href=\"https:\/\/mauvaisgenre.org\/index.php\/2019\/12\/20\/02-faire-une-soiree-raclette\/\"><img loading=\"lazy\" decoding=\"async\" width=\"2560\" height=\"2560\" src=\"https:\/\/mauvaisgenre.org\/wp-content\/uploads\/2019\/12\/YLV2-scaled.jpg\" class=\"attachment-full size-full\" alt=\"#02 &#8211; Faire une soir\u00e9e raclette\" srcset=\"https:\/\/mauvaisgenre.org\/wp-content\/uploads\/2019\/12\/YLV2-scaled.jpg 2560w, https:\/\/mauvaisgenre.org\/wp-content\/uploads\/2019\/12\/YLV2-300x300.jpg 300w, https:\/\/mauvaisgenre.org\/wp-content\/uploads\/2019\/12\/YLV2-1024x1024.jpg 1024w, https:\/\/mauvaisgenre.org\/wp-content\/uploads\/2019\/12\/YLV2-150x150.jpg 150w, https:\/\/mauvaisgenre.org\/wp-content\/uploads\/2019\/12\/YLV2-768x768.jpg 768w, https:\/\/mauvaisgenre.org\/wp-content\/uploads\/2019\/12\/YLV2-1536x1536.jpg 1536w, https:\/\/mauvaisgenre.org\/wp-content\/uploads\/2019\/12\/YLV2-2048x2048.jpg 2048w\" sizes=\"(max-width: 2560px) 100vw, 2560px\" \/><\/a><\/div><div class=\"o-posts-grid-post-body\"><h4 class=\"o-posts-grid-post-title\"><a href=\"https:\/\/mauvaisgenre.org\/index.php\/2019\/12\/20\/02-faire-une-soiree-raclette\/\">#02 &#8211; Faire une soir\u00e9e raclette<\/a><\/h4><div class=\"o-posts-grid-post-description\"><p>Dans cet \u00e9pisode 2, l&rsquo;\u00e9quipe de Youpi La Vie a d\u00e9cid\u00e9 de revenir sur un sujet de saison \u00e0 savo\u2026<\/p><\/div><\/div><\/div><\/div><div class=\"o-posts-grid-post-blog o-posts-grid-post-plain\"><div class=\"o-posts-grid-post\"><div class=\"o-posts-grid-post-image\"><a href=\"https:\/\/mauvaisgenre.org\/index.php\/2019\/11\/20\/ylc-01\/\"><img loading=\"lazy\" decoding=\"async\" width=\"2560\" height=\"2560\" src=\"https:\/\/mauvaisgenre.org\/wp-content\/uploads\/2019\/11\/Enterrersagrandmere-scaled.jpg\" class=\"attachment-full size-full\" alt=\"youpi la vie episode 1 Enterrer sa grand mere\" srcset=\"https:\/\/mauvaisgenre.org\/wp-content\/uploads\/2019\/11\/Enterrersagrandmere-scaled.jpg 2560w, https:\/\/mauvaisgenre.org\/wp-content\/uploads\/2019\/11\/Enterrersagrandmere-300x300.jpg 300w, https:\/\/mauvaisgenre.org\/wp-content\/uploads\/2019\/11\/Enterrersagrandmere-1024x1024.jpg 1024w, https:\/\/mauvaisgenre.org\/wp-content\/uploads\/2019\/11\/Enterrersagrandmere-150x150.jpg 150w, https:\/\/mauvaisgenre.org\/wp-content\/uploads\/2019\/11\/Enterrersagrandmere-768x768.jpg 768w, https:\/\/mauvaisgenre.org\/wp-content\/uploads\/2019\/11\/Enterrersagrandmere-1536x1536.jpg 1536w, https:\/\/mauvaisgenre.org\/wp-content\/uploads\/2019\/11\/Enterrersagrandmere-2048x2048.jpg 2048w\" sizes=\"(max-width: 2560px) 100vw, 2560px\" \/><\/a><\/div><div class=\"o-posts-grid-post-body\"><h4 class=\"o-posts-grid-post-title\"><a href=\"https:\/\/mauvaisgenre.org\/index.php\/2019\/11\/20\/ylc-01\/\">#01 &#8211; Enterrer sa grand m\u00e8re<\/a><\/h4><div class=\"o-posts-grid-post-description\"><p>Pour l&rsquo;\u00e9pisode pilote, l&rsquo;\u00e9quipe de Youpi La Vie a d\u00e9cid\u00e9 de traiter un sujet l\u00e9ger : Ent\u2026<\/p><\/div><\/div><\/div><\/div><\/div> <\/div>","protected":false},"excerpt":{"rendered":"","protected":false},"author":1,"featured_media":0,"parent":0,"menu_order":0,"comment_status":"closed","ping_status":"closed","template":"","meta":{"neve_meta_sidebar":"full-width","neve_meta_container":"","neve_meta_enable_content_width":"on","neve_meta_content_width":100,"neve_meta_title_alignment":"","neve_meta_author_avatar":"","neve_post_elements_order":"","neve_meta_disable_header":"","neve_meta_disable_footer":"","neve_meta_disable_title":"on","_themeisle_gutenberg_block_has_review":false,"footnotes":""},"class_list":["post-1543","page","type-page","status-publish","hentry"],"_links":{"self":[{"href":"https:\/\/mauvaisgenre.org\/index.php\/wp-json\/wp\/v2\/pages\/1543"}],"collection":[{"href":"https:\/\/mauvaisgenre.org\/index.php\/wp-json\/wp\/v2\/pages"}],"about":[{"href":"https:\/\/mauvaisgenre.org\/index.php\/wp-json\/wp\/v2\/types\/page"}],"author":[{"embeddable":true,"href":"https:\/\/mauvaisgenre.org\/index.php\/wp-json\/wp\/v2\/users\/1"}],"replies":[{"embeddable":true,"href":"https:\/\/mauvaisgenre.org\/index.php\/wp-json\/wp\/v2\/comments?post=1543"}],"version-history":[{"count":4,"href":"https:\/\/mauvaisgenre.org\/index.php\/wp-json\/wp\/v2\/pages\/1543\/revisions"}],"predecessor-version":[{"id":1953,"href":"https:\/\/mauvaisgenre.org\/index.php\/wp-json\/wp\/v2\/pages\/1543\/revisions\/1953"}],"wp:attachment":[{"href":"https:\/\/mauvaisgenre.org\/index.php\/wp-json\/wp\/v2\/media?parent=1543"}],"curies":[{"name":"wp","href":"https:\/\/api.w.org\/{rel}","templated":true}]}}