{"id":847,"date":"2019-03-14T21:57:16","date_gmt":"2019-03-14T20:57:16","guid":{"rendered":"http:\/\/mauvaisgenre.org\/?page_id=847"},"modified":"2019-05-29T16:30:06","modified_gmt":"2019-05-29T14:30:06","slug":"parents-indignes","status":"publish","type":"page","link":"https:\/\/mauvaisgenre.org\/index.php\/nos-podcasts\/parents-indignes\/","title":{"rendered":"Parents Indignes"},"content":{"rendered":"<p><img decoding=\"async\" src=\"https:\/\/mauvaisgenre.org\/wp-content\/uploads\/2019\/03\/PI-Ban.jpg\" title=\"PI-Ban\" alt=\"PI-Ban\" \/><br \/>\n\t\t\t\t\t\t\t\t\t\t<img loading=\"lazy\" decoding=\"async\" width=\"300\" height=\"300\" src=\"https:\/\/mauvaisgenre.org\/wp-content\/uploads\/2019\/03\/PIICO2-300x300.jpg\" alt=\"\" srcset=\"https:\/\/mauvaisgenre.org\/wp-content\/uploads\/2019\/03\/PIICO2-300x300.jpg 300w, https:\/\/mauvaisgenre.org\/wp-content\/uploads\/2019\/03\/PIICO2-150x150.jpg 150w, https:\/\/mauvaisgenre.org\/wp-content\/uploads\/2019\/03\/PIICO2-768x768.jpg 768w, https:\/\/mauvaisgenre.org\/wp-content\/uploads\/2019\/03\/PIICO2-1024x1024.jpg 1024w, https:\/\/mauvaisgenre.org\/wp-content\/uploads\/2019\/03\/PIICO2.jpg 1500w\" sizes=\"(max-width: 300px) 100vw, 300px\" \/>\t\t\t\t\t\t\t\t\t\t\t<\/p>\n<p>\u00a0<\/p>\n<p>Podcast ou deux mamans et un papa parlent de ce que c\u2019est qu\u2019\u00eatre parent. Sans vouloir spoiler la fin, c\u2019est juste une vraie foutue gal\u00e8re !<br \/>Chaque mois, Guillaume en compagnie de G\u00e9raldine et Laurene, abordent un grand th\u00e8me \u00e0 travers le prisme de leur parentalit\u00e9. <br \/>Des grandes victoires, aux d\u00e9faites retentissantes, retrouvez au fil des \u00e9pisodes l&rsquo;expression d\u00e9complex\u00e9e et lucide des ces parents peut \u00eatre pas si indignes, mais fonci\u00e8rement comme les autres.<\/p>\n<h3>\u00c9coutez nous sur<\/h3>\n<p>\t\t\t<a href=\"https:\/\/open.spotify.com\/show\/211hY9zgbdbozI6WiPmTuJ?si=2eZYdAdMSlOiojhTsIHrBQ\" role=\"button\"><br \/>\n\t\t\t\t\t\tSpotify<br \/>\n\t\t\t\t\t<\/a><br \/>\n\t\t\t<a href=\"http:\/\/subscribeonandroid.com\/mauvaisgenre.org\/index.php\/category\/parents\/feed\/\" role=\"button\" id=\"a\"><br \/>\n\t\t\t\t\t\tAndroid<br \/>\n\t\t\t\t\t<\/a><br \/>\n\t\t\t<a href=\"https:\/\/podcasts.apple.com\/fr\/podcast\/parents-indignes\/id1319835232\" role=\"button\"><br \/>\n\t\t\t\t\t\tItunes\/Podcast<br \/>\n\t\t\t\t\t<\/a><br \/>\n\t\t\t<a href=\"https:\/\/www.deezer.com\/show\/358412?utm_source=deezer&amp;utm_content=show-358412&amp;utm_term=2110040_1555574235&amp;utm_medium=web\" role=\"button\"><br \/>\n\t\t\t\t\t\tDeezer<br \/>\n\t\t\t\t\t<\/a><br \/>\n\t\t\t<a href=\"https:\/\/mauvaisgenre.org\/index.php\/parents-indignes-les-episodes-en-lien-direct\/\" role=\"button\"><br \/>\n\t\t\t\t\t\tLien Direct<br \/>\n\t\t\t\t\t<\/a><br \/>\n\t\t\t\t\t\t\t<a href=\"https:\/\/www.facebook.com\/Podcastparentsindignes\/?ref=bookmarks\" target=\"_blank\" rel=\"noopener noreferrer\"><br \/>\n\t\t\t\t\tFacebook<br \/>\n\t\t\t\t<\/a><br \/>\n\t\t\t\t\t\t\t<a href=\"https:\/\/twitter.com\/BatDeFran\" target=\"_blank\" rel=\"noopener noreferrer\"><br \/>\n\t\t\t\t\tTwitter<br \/>\n\t\t\t\t<\/a><br \/>\n\t\t\t\t\t\t\t<a href=\"https:\/\/www.instagram.com\/papaindigne\/\" target=\"_blank\" rel=\"noopener noreferrer\"><br \/>\n\t\t\t\t\tInstagram<br \/>\n\t\t\t\t<\/a><\/p>\n<figure><img decoding=\"async\" src=\"https:\/\/mauvaisgenre.org\/wp-content\/uploads\/2017\/11\/PI-S01E01-mp3-image-300x300.jpg\" alt=\"\" \/><\/figure>\n<figure><img decoding=\"async\" src=\"https:\/\/mauvaisgenre.org\/wp-content\/uploads\/2019\/03\/PI-S01E02-mp3-image-300x300.jpg\" alt=\"\" \/><\/figure>\n<figure><img decoding=\"async\" src=\"https:\/\/mauvaisgenre.org\/wp-content\/uploads\/2019\/03\/PI-s01e03-mp3-image-300x300.jpg\" alt=\"\" \/><\/figure>\n<figure><img decoding=\"async\" src=\"https:\/\/mauvaisgenre.org\/wp-content\/uploads\/2019\/03\/PI-s01e04-mp3-image-300x300.jpg\" alt=\"\" \/><\/figure>\n<figure><img decoding=\"async\" src=\"https:\/\/mauvaisgenre.org\/wp-content\/uploads\/2019\/03\/PI-S01E05-mp3-image-300x300.jpg\" alt=\"\" \/><\/figure>\n<figure><img decoding=\"async\" src=\"https:\/\/mauvaisgenre.org\/wp-content\/uploads\/2019\/03\/PI-01e06-mp3-image-300x300.jpg\" alt=\"\" \/><\/figure>\n<figure><img decoding=\"async\" src=\"https:\/\/mauvaisgenre.org\/wp-content\/uploads\/2019\/03\/PI-s02e07-mp3-image-300x300.jpg\" alt=\"\" \/><\/figure>\n<figure><img decoding=\"async\" src=\"https:\/\/mauvaisgenre.org\/wp-content\/uploads\/2019\/03\/PIs02e08-1-mp3-image-300x300.jpg\" alt=\"\" \/><\/figure>\n<figure><img decoding=\"async\" src=\"https:\/\/mauvaisgenre.org\/wp-content\/uploads\/2019\/04\/PIs02e09-300x300.jpg\" alt=\"\" \/><\/figure>\n<figure><img decoding=\"async\" src=\"https:\/\/mauvaisgenre.org\/wp-content\/uploads\/2019\/05\/PI10essai-300x300.jpg\" alt=\"PI10essai\" \/><\/figure>\n","protected":false},"excerpt":{"rendered":"<p>\u00a0 Podcast ou deux mamans et un papa parlent de ce que c\u2019est qu\u2019\u00eatre parent. Sans vouloir spoiler la fin, c\u2019est juste une vraie foutue gal\u00e8re !Chaque mois, Guillaume en compagnie de G\u00e9raldine et Laurene, abordent un grand th\u00e8me \u00e0 travers le prisme de leur parentalit\u00e9. Des grandes victoires, aux d\u00e9faites retentissantes, retrouvez au fil&hellip;&nbsp;<a href=\"https:\/\/mauvaisgenre.org\/index.php\/nos-podcasts\/parents-indignes\/\" rel=\"bookmark\">Lire la suite &raquo;<span class=\"screen-reader-text\">Parents Indignes<\/span><\/a><\/p>\n","protected":false},"author":1,"featured_media":0,"parent":820,"menu_order":0,"comment_status":"closed","ping_status":"closed","template":"elementor_header_footer","meta":{"neve_meta_sidebar":"","neve_meta_container":"","neve_meta_enable_content_width":"","neve_meta_content_width":70,"neve_meta_title_alignment":"","neve_meta_author_avatar":"","neve_post_elements_order":"","neve_meta_disable_header":"","neve_meta_disable_footer":"","neve_meta_disable_title":"","_themeisle_gutenberg_block_has_review":false,"footnotes":""},"class_list":["post-847","page","type-page","status-publish","hentry"],"_links":{"self":[{"href":"https:\/\/mauvaisgenre.org\/index.php\/wp-json\/wp\/v2\/pages\/847"}],"collection":[{"href":"https:\/\/mauvaisgenre.org\/index.php\/wp-json\/wp\/v2\/pages"}],"about":[{"href":"https:\/\/mauvaisgenre.org\/index.php\/wp-json\/wp\/v2\/types\/page"}],"author":[{"embeddable":true,"href":"https:\/\/mauvaisgenre.org\/index.php\/wp-json\/wp\/v2\/users\/1"}],"replies":[{"embeddable":true,"href":"https:\/\/mauvaisgenre.org\/index.php\/wp-json\/wp\/v2\/comments?post=847"}],"version-history":[{"count":32,"href":"https:\/\/mauvaisgenre.org\/index.php\/wp-json\/wp\/v2\/pages\/847\/revisions"}],"predecessor-version":[{"id":1156,"href":"https:\/\/mauvaisgenre.org\/index.php\/wp-json\/wp\/v2\/pages\/847\/revisions\/1156"}],"up":[{"embeddable":true,"href":"https:\/\/mauvaisgenre.org\/index.php\/wp-json\/wp\/v2\/pages\/820"}],"wp:attachment":[{"href":"https:\/\/mauvaisgenre.org\/index.php\/wp-json\/wp\/v2\/media?parent=847"}],"curies":[{"name":"wp","href":"https:\/\/api.w.org\/{rel}","templated":true}]}}